{"id":1318,"date":"2021-06-14T21:44:27","date_gmt":"2021-06-14T19:44:27","guid":{"rendered":"http:\/\/sp5siemianowice.pl\/?page_id=1318"},"modified":"2025-03-04T17:10:34","modified_gmt":"2025-03-04T16:10:34","slug":"rada-rodzicow","status":"publish","type":"page","link":"https:\/\/sp5siemianowice.pl\/?page_id=1318","title":{"rendered":"Rada Rodzic\u00f3w"},"content":{"rendered":"<p><img fetchpriority=\"high\" decoding=\"async\" class=\"aligncenter size-large wp-image-8206\" src=\"http:\/\/sp5siemianowice.pl\/wp-content\/uploads\/2025\/03\/rada-rodzicow-1024x228.png\" alt=\"\" width=\"680\" height=\"151\" srcset=\"https:\/\/sp5siemianowice.pl\/wp-content\/uploads\/2025\/03\/rada-rodzicow-1024x228.png 1024w, https:\/\/sp5siemianowice.pl\/wp-content\/uploads\/2025\/03\/rada-rodzicow-300x67.png 300w, https:\/\/sp5siemianowice.pl\/wp-content\/uploads\/2025\/03\/rada-rodzicow-768x171.png 768w, https:\/\/sp5siemianowice.pl\/wp-content\/uploads\/2025\/03\/rada-rodzicow.png 1501w\" sizes=\"(max-width: 680px) 100vw, 680px\" \/><\/p>\n<p style=\"text-align: center;\"><strong>Prezydium Rady Rodzic\u00f3w w roku szkolnym 2024\/2025<\/strong><\/p>\n<p style=\"text-align: center;\">Przewodnicz\u0105cy: \u0141ukasz Kurczak<\/p>\n<p style=\"text-align: center;\">Wiceprzewodnicz\u0105ca: Barbara Mizera-Oczad\u0142y<\/p>\n<p style=\"text-align: center;\">Sekretarz: Renata Wierzba<\/p>\n<p style=\"text-align: center;\">*\u00a0\u00a0\u00a0 *\u00a0\u00a0\u00a0 *<\/p>\n<p style=\"text-align: center;\">Nr konta bankowego dla wp\u0142at na Rad\u0119 Rodzic\u00f3w:<\/p>\n<p style=\"text-align: center;\"><strong>20 1020 2368 0000 2102 0428 2216<\/strong><\/p>\n<p style=\"text-align: center;\">w tytule wp\u0142aty wpisa\u0107 &#8211; imi\u0119 i nazwisko dziecka oraz klas\u0119<\/p>\n<p style=\"text-align: center;\">*\u00a0\u00a0\u00a0 *\u00a0\u00a0\u00a0 *<\/p>\n","protected":false},"excerpt":{"rendered":"<p>Prezydium Rady Rodzic\u00f3w w roku szkolnym 2024\/2025 Przewodnicz\u0105cy: \u0141ukasz Kurczak Wiceprzewodnicz\u0105ca: Barbara Mizera-Oczad\u0142y Sekretarz: Renata Wierzba *\u00a0\u00a0\u00a0 *\u00a0\u00a0\u00a0 * Nr konta bankowego dla wp\u0142at na Rad\u0119 Rodzic\u00f3w: 20 1020 2368 0000 2102 0428 2216 w tytule wp\u0142aty wpisa\u0107 &#8211; imi\u0119 [&hellip;]<\/p>\n","protected":false},"author":2,"featured_media":0,"parent":0,"menu_order":0,"comment_status":"closed","ping_status":"closed","template":"","meta":{"footnotes":""},"class_list":["post-1318","page","type-page","status-publish","hentry"],"_links":{"self":[{"href":"https:\/\/sp5siemianowice.pl\/index.php?rest_route=\/wp\/v2\/pages\/1318","targetHints":{"allow":["GET"]}}],"collection":[{"href":"https:\/\/sp5siemianowice.pl\/index.php?rest_route=\/wp\/v2\/pages"}],"about":[{"href":"https:\/\/sp5siemianowice.pl\/index.php?rest_route=\/wp\/v2\/types\/page"}],"author":[{"embeddable":true,"href":"https:\/\/sp5siemianowice.pl\/index.php?rest_route=\/wp\/v2\/users\/2"}],"replies":[{"embeddable":true,"href":"https:\/\/sp5siemianowice.pl\/index.php?rest_route=%2Fwp%2Fv2%2Fcomments&post=1318"}],"version-history":[{"count":13,"href":"https:\/\/sp5siemianowice.pl\/index.php?rest_route=\/wp\/v2\/pages\/1318\/revisions"}],"predecessor-version":[{"id":8227,"href":"https:\/\/sp5siemianowice.pl\/index.php?rest_route=\/wp\/v2\/pages\/1318\/revisions\/8227"}],"wp:attachment":[{"href":"https:\/\/sp5siemianowice.pl\/index.php?rest_route=%2Fwp%2Fv2%2Fmedia&parent=1318"}],"curies":[{"name":"wp","href":"https:\/\/api.w.org\/{rel}","templated":true}]}}