{"id":133,"date":"2020-08-23T23:04:07","date_gmt":"2020-08-23T21:04:07","guid":{"rendered":"http:\/\/sp5siemianowice.pl\/?page_id=133"},"modified":"2025-08-27T21:02:01","modified_gmt":"2025-08-27T19:02:01","slug":"harmonogram-rad-pedagogicznych","status":"publish","type":"page","link":"https:\/\/sp5siemianowice.pl\/?page_id=133","title":{"rendered":"Harmonogram Rad Pedagogicznych"},"content":{"rendered":"<p><img fetchpriority=\"high\" decoding=\"async\" class=\"aligncenter size-large wp-image-8189\" src=\"http:\/\/sp5siemianowice.pl\/wp-content\/uploads\/2025\/03\/hamronogram-rad-pedagogicznych-1024x228.png\" alt=\"\" width=\"680\" height=\"151\" srcset=\"https:\/\/sp5siemianowice.pl\/wp-content\/uploads\/2025\/03\/hamronogram-rad-pedagogicznych-1024x228.png 1024w, https:\/\/sp5siemianowice.pl\/wp-content\/uploads\/2025\/03\/hamronogram-rad-pedagogicznych-300x67.png 300w, https:\/\/sp5siemianowice.pl\/wp-content\/uploads\/2025\/03\/hamronogram-rad-pedagogicznych-768x171.png 768w, https:\/\/sp5siemianowice.pl\/wp-content\/uploads\/2025\/03\/hamronogram-rad-pedagogicznych.png 1501w\" sizes=\"(max-width: 680px) 100vw, 680px\" \/><\/p>\n<p style=\"margin: 0cm; margin-bottom: .0001pt; line-height: 150%;\">27 sierpnia 2025 roku &#8211; (\u015broda) godz. 12:00<\/p>\n<p style=\"margin: 0cm; margin-bottom: .0001pt; line-height: 150%;\">29 sierpnia 2025 roku &#8211; (pi\u0105tek) godz. 12:00<\/p>\n<p style=\"margin: 0cm; margin-bottom: .0001pt; line-height: 150%;\">10 wrze\u015bnia 2025 roku (\u015broda) godz. 15:30<\/p>\n<p style=\"margin: 0cm; margin-bottom: .0001pt; line-height: 150%;\">12 listopada 2025 roku (\u015broda) godz. 15:30<\/p>\n<p style=\"margin: 0cm; margin-bottom: .0001pt; line-height: 150%;\">15 stycznia 2026 roku (czwartek) godz. 15:30 (klasyfikacja \u015br\u00f3droczna)<\/p>\n<p style=\"margin: 0cm; margin-bottom: .0001pt; line-height: 150%;\">21 stycznia 2026 roku (\u015broda) godz. 15:30 (podsumowanie I p\u00f3\u0142rocza)<\/p>\n<p style=\"margin: 0cm; margin-bottom: .0001pt; line-height: 150%;\">18 marca 2026 roku (\u015broda) godz. 15:30<\/p>\n<p style=\"margin: 0cm; margin-bottom: .0001pt; line-height: 150%;\">06 maja 2026 roku (\u015broda) godz. 15:30<\/p>\n<p style=\"margin: 0cm; margin-bottom: .0001pt; line-height: 150%;\">22 czerwca 2026 roku (poniedzia\u0142ek) godz. 15:30 (klasyfikacja roczna)<\/p>\n<p style=\"margin: 0cm; margin-bottom: .0001pt; line-height: 150%;\">26 czerwca 2026 roku (pi\u0105tek) godz. 12:00 (podsumowanie roku)<\/p>\n","protected":false},"excerpt":{"rendered":"<p>27 sierpnia 2025 roku &#8211; (\u015broda) godz. 12:00 29 sierpnia 2025 roku &#8211; (pi\u0105tek) godz. 12:00 10 wrze\u015bnia 2025 roku (\u015broda) godz. 15:30 12 listopada 2025 roku (\u015broda) godz. 15:30 15 stycznia 2026 roku (czwartek) godz. 15:30 (klasyfikacja \u015br\u00f3droczna) 21 [&hellip;]<\/p>\n","protected":false},"author":1,"featured_media":0,"parent":0,"menu_order":0,"comment_status":"closed","ping_status":"closed","template":"","meta":{"footnotes":""},"class_list":["post-133","page","type-page","status-publish","hentry"],"_links":{"self":[{"href":"https:\/\/sp5siemianowice.pl\/index.php?rest_route=\/wp\/v2\/pages\/133","targetHints":{"allow":["GET"]}}],"collection":[{"href":"https:\/\/sp5siemianowice.pl\/index.php?rest_route=\/wp\/v2\/pages"}],"about":[{"href":"https:\/\/sp5siemianowice.pl\/index.php?rest_route=\/wp\/v2\/types\/page"}],"author":[{"embeddable":true,"href":"https:\/\/sp5siemianowice.pl\/index.php?rest_route=\/wp\/v2\/users\/1"}],"replies":[{"embeddable":true,"href":"https:\/\/sp5siemianowice.pl\/index.php?rest_route=%2Fwp%2Fv2%2Fcomments&post=133"}],"version-history":[{"count":14,"href":"https:\/\/sp5siemianowice.pl\/index.php?rest_route=\/wp\/v2\/pages\/133\/revisions"}],"predecessor-version":[{"id":8795,"href":"https:\/\/sp5siemianowice.pl\/index.php?rest_route=\/wp\/v2\/pages\/133\/revisions\/8795"}],"wp:attachment":[{"href":"https:\/\/sp5siemianowice.pl\/index.php?rest_route=%2Fwp%2Fv2%2Fmedia&parent=133"}],"curies":[{"name":"wp","href":"https:\/\/api.w.org\/{rel}","templated":true}]}}