{"id":136,"date":"2020-08-23T23:07:37","date_gmt":"2020-08-23T21:07:37","guid":{"rendered":"http:\/\/sp5siemianowice.pl\/?page_id=136"},"modified":"2025-09-11T14:46:59","modified_gmt":"2025-09-11T12:46:59","slug":"kalendarz-imprez-szkolnych","status":"publish","type":"page","link":"https:\/\/sp5siemianowice.pl\/?page_id=136","title":{"rendered":"Kalendarz imprez szkolnych"},"content":{"rendered":"<p style=\"text-align: left;\"><img fetchpriority=\"high\" decoding=\"async\" class=\"aligncenter size-large wp-image-8192\" src=\"http:\/\/sp5siemianowice.pl\/wp-content\/uploads\/2025\/03\/kalendarz-imprez-szkolnych-1024x229.png\" alt=\"\" width=\"680\" height=\"152\" srcset=\"https:\/\/sp5siemianowice.pl\/wp-content\/uploads\/2025\/03\/kalendarz-imprez-szkolnych-1024x229.png 1024w, https:\/\/sp5siemianowice.pl\/wp-content\/uploads\/2025\/03\/kalendarz-imprez-szkolnych-300x67.png 300w, https:\/\/sp5siemianowice.pl\/wp-content\/uploads\/2025\/03\/kalendarz-imprez-szkolnych-768x172.png 768w, https:\/\/sp5siemianowice.pl\/wp-content\/uploads\/2025\/03\/kalendarz-imprez-szkolnych.png 1498w\" sizes=\"(max-width: 680px) 100vw, 680px\" \/><\/p>\n<p>&nbsp;<\/p>\n<table width=\"0\">\n<tbody>\n<tr>\n<td width=\"53\"><strong>\u00a0<\/strong><\/td>\n<td width=\"361\"><strong>WYDARZENIA<\/strong><\/td>\n<td width=\"320\"><strong>OSOBY ODPOWIEDZIALNE<\/strong><\/td>\n<\/tr>\n<tr>\n<td width=\"53\"><strong>\u00a0<\/strong><\/p>\n<p><strong>\u00a0<\/strong><\/p>\n<p><strong>W<\/strong><\/p>\n<p><strong>R<\/strong><\/p>\n<p><strong>Z<\/strong><\/p>\n<p><strong>E<\/strong><\/p>\n<p><strong>S<\/strong><\/p>\n<p><strong>I<\/strong><\/p>\n<p><strong>E<\/strong><\/p>\n<p><strong>\u0143<\/strong><\/td>\n<td width=\"361\">Rozpocz\u0119cie roku szkolnego 2025\/2026 kl.1-3<\/p>\n<p>Rozpocz\u0119cie roku szkolnego 2025\/2026 kl. 4-8<\/p>\n<p>Sprz\u0105tanie \u015bwiata<\/p>\n<p>Narodowe czytanie<\/p>\n<p>Wyb\u00f3r samorz\u0105du uczniowskiego<\/p>\n<p>Wybory do M\u0142odzie\u017cowej Rady Miasta<\/p>\n<p>Dzie\u0144 Ch\u0142opaka<\/p>\n<p>Szkolny turniej Rummikub<\/p>\n<p>Europejski dzie\u0144 j\u0119zyk\u00f3w<\/p>\n<p><strong>W &#8211; Zbi\u00f3rka nakr\u0119tek (ca\u0142y rok)\u00a0\u00a0 <\/strong><\/td>\n<td width=\"320\">D. Malchar, A. Matura, M. O\u015bcik<\/p>\n<p>M. Klekot, P. Stolarska<\/p>\n<p>K. Galus, J.Kierat<\/p>\n<p>K. Urba\u0144czyk<\/p>\n<p>K. Urba\u0144czyk, A. Ciopalska<\/p>\n<p>A. Ciopalska<\/p>\n<p>A..Ciopalska + SU<\/p>\n<p>M. Paw\u0142owski + B. Durczok<\/p>\n<p>B.Filec, A. Ciopalska<\/p>\n<p><strong>K. Urba\u0144czyk, M. Klekot, K. Globisch<\/strong><\/td>\n<\/tr>\n<tr>\n<td width=\"53\"><strong>\u00a0<\/strong><\/p>\n<p><strong>P<\/strong><\/p>\n<p><strong>A<\/strong><\/p>\n<p><strong>\u0179<\/strong><\/p>\n<p><strong>D<\/strong><\/p>\n<p><strong>Z<\/strong><\/p>\n<p><strong>I<\/strong><\/p>\n<p><strong>E<\/strong><\/p>\n<p><strong>R<\/strong><\/p>\n<p><strong>N<\/strong><\/p>\n<p><strong>I<\/strong><\/p>\n<p><strong>K<\/strong><\/td>\n<td width=\"361\">Akademia z okazji DEN<\/p>\n<p>&nbsp;<\/p>\n<p>Pasowanie na ucznia<\/p>\n<p>Code Week<\/p>\n<p>Tydzie\u0144 Zdrowia Psychicznego<\/p>\n<p>Mistrz Tabliczki mno\u017cenia<\/p>\n<p>Konkurs matematyczno informatyczny \u201cInstalogik\u201d<\/p>\n<p>Projektanci Edukacji<\/p>\n<p>&nbsp;<\/p>\n<p>&nbsp;<\/td>\n<td width=\"320\">M. Klekot, K. Globisch, A. Lebioda,\u00a0\u00a0\u00a0\u00a0\u00a0\u00a0\u00a0\u00a0\u00a0\u00a0\u00a0\u00a0\u00a0\u00a0 P. Stolarska<\/p>\n<p>R. Schejbal, M. Sowa<\/p>\n<p>B. Respondek , M. Paw\u0142owski<\/p>\n<p>B. Durczok, M. Paw\u0142owski, K. Pesel<\/p>\n<p>M. Paw\u0142owski + P. Stolarska<\/p>\n<p>M. Paw\u0142owski<\/p>\n<p>M. Paw\u0142owski<\/td>\n<\/tr>\n<tr>\n<td width=\"53\"><strong>\u00a0<\/strong><\/p>\n<p><strong>\u00a0<\/strong><\/p>\n<p><strong>L<\/strong><\/p>\n<p><strong>I<\/strong><\/p>\n<p><strong>S<\/strong><\/p>\n<p><strong>T<\/strong><\/p>\n<p><strong>O<\/strong><\/p>\n<p><strong>P<\/strong><\/p>\n<p><strong>A<\/strong><\/p>\n<p><strong>D<\/strong><\/td>\n<td width=\"361\">Dzie\u0144 Postaci z Bajek<\/p>\n<p>Akcja \u201c\u015aniadanie daje moc\u201d<\/p>\n<p>Zabawa andrzejkowa<\/p>\n<p>Apel \u201c11 listopada\u201d<\/p>\n<p>Dzie\u0144 \u017byczliwo\u015bci i Pozdrowie\u0144<\/p>\n<p>Wr\u00f3\u017cby andrzejkowe<\/p>\n<p>Mi\u0119dzynarodowy konkurs informatyczny \u201cB\u00f3br\u201d<\/p>\n<p><strong>W &#8211; Zbi\u00f3rka pokarmu na schronisko<\/strong><\/p>\n<p><strong>W &#8211; Dzie\u0144 Pluszowego Misia<\/strong><\/p>\n<p><strong>W &#8211; Zbi\u00f3rka dla dzieci onkologicznych<\/strong><\/td>\n<td width=\"320\">nauczyciele edukacji wczesnoszkolnej<\/p>\n<p>nauczyciele edukacji wczesnoszkolnej<\/p>\n<p>nauczyciele edukacji wczesnoszkolnej<\/p>\n<p>K. Urba\u0144czyk, M. Klekot, K. Globisch<\/p>\n<p>A..Ciopalska, B. Filec<\/p>\n<p>A..Ciopalska, B. Filec<\/p>\n<p>B. Respondek<\/p>\n<p><strong>K. Galus<\/strong><\/p>\n<p><strong>J. Kierat, K. Urba\u0144czyk, M. Klekot<\/strong><\/p>\n<p><strong>K. Urba\u0144czyk, M. Klekot, K. Globisch<\/strong><\/td>\n<\/tr>\n<tr>\n<td width=\"53\"><strong>\u00a0<\/strong><\/p>\n<p><strong>\u00a0<\/strong><\/p>\n<p><strong>G<\/strong><\/p>\n<p><strong>R<\/strong><\/p>\n<p><strong>U<\/strong><\/p>\n<p><strong>D<\/strong><\/p>\n<p><strong>Z<\/strong><\/p>\n<p><strong>I<\/strong><\/p>\n<p><strong>E<\/strong><\/p>\n<p><strong>\u0143<\/strong><\/td>\n<td width=\"361\">Dzie\u0144 Patrona<\/p>\n<p>Miko\u0142ajki<\/p>\n<p>Miko\u0142ajki szkolne<\/p>\n<p>Jase\u0142ka<\/p>\n<p><strong>W &#8211; Kartki bo\u017conarodzeniowe dla emerytowanych pracownik\u00f3w SP5 i podopiecznych DPS<\/strong><\/p>\n<p><strong>W &#8211; Kiermasz bo\u017conarodzeniowy<\/strong><\/p>\n<p><strong>\u00a0<\/strong><\/p>\n<p><strong>\u00a0<\/strong><\/td>\n<td width=\"320\">K. Globisch, M. Klekot<\/p>\n<p>nauczyciele edukacji wczesnoszkolnej<\/p>\n<p>A..Ciopalska + SU, B. Filec<\/p>\n<p>K. Urba\u0144czyk, M. Klekot, B. Durczok<\/p>\n<p><strong>D. Malchar, A. Niezgoda + WOLONTARIUSZE<\/strong><\/p>\n<p><strong>D. Malchar, A. Niezgoda, A. Raczy\u0144ska + WOLONTARIUSZE<\/strong><\/td>\n<\/tr>\n<tr>\n<td width=\"53\"><strong>\u00a0<\/strong><\/p>\n<p><strong>\u00a0<\/strong><\/p>\n<p><strong>\u00a0<\/strong><\/p>\n<p><strong>S<\/strong><\/p>\n<p><strong>T<\/strong><\/p>\n<p><strong>Y<\/strong><\/p>\n<p><strong>C<\/strong><\/p>\n<p><strong>Z<\/strong><\/p>\n<p><strong>E<\/strong><\/p>\n<p><strong>\u0143<\/strong><\/td>\n<td width=\"361\">Bal karnawa\u0142owy<\/p>\n<p>Szkolny konkurs \u201cWiem co jem kl.1-3\u201d<\/p>\n<p>Pasowanie na czytelnika<\/p>\n<p>Mi\u0119dzyszkolny Konkurs \u201eDzieci bajki pisz\u0105\u201d<\/p>\n<p>Szkolny konkurs czytelniczy dla kl. 2 i 3<\/p>\n<p><strong>W &#8211; Wielka Orkiestra \u015awi\u0105tecznej Pomocy<\/strong><\/p>\n<p><strong>W &#8211; Akcja \u201cG\u00f3ra grosza\u201d<\/strong><\/p>\n<p>&nbsp;<\/td>\n<td width=\"320\">nauczyciele edukacji wczesnoszkolnej<\/p>\n<p>K.Mazaraki<\/p>\n<p>K. Urba\u0144czyk, J. Kierat<\/p>\n<p>K. Urba\u0144czyk, D. Malchar,<\/p>\n<p>K. Mazaraki<\/p>\n<p><strong>A..Ciopalska + SU, B. Filec<\/strong><\/p>\n<p><strong>D. Malchar, A. Niezgoda + WOLONTARIUSZE<\/strong><\/p>\n<p><strong>\u00a0<\/strong><\/td>\n<\/tr>\n<tr>\n<td width=\"53\"><strong>\u00a0<\/strong><\/p>\n<p><strong>\u00a0<\/strong><\/p>\n<p><strong>L<\/strong><\/p>\n<p><strong>U<\/strong><\/p>\n<p><strong>T<\/strong><\/p>\n<p><strong>Y<\/strong><\/td>\n<td width=\"361\">Dzie\u0144 Bezpiecznego Internetu<\/p>\n<p>Szkolny konkurs recytatorski dla kl. 1- 3<\/p>\n<p>Szkolny turniej warcabowy kl. 1-3<\/p>\n<p>Poczta walentynkowa<\/p>\n<p>Konkurs walentynkowy kl. 4-8<\/td>\n<td width=\"320\">B. Respondek<\/p>\n<p>M. Sowa<\/p>\n<p>D. Malchar<\/p>\n<p>A..Ciopalska + SU<\/p>\n<p>A. Lebioda, A. Ciopalska<\/p>\n<p>&nbsp;<\/td>\n<\/tr>\n<tr>\n<td width=\"53\"><strong>\u00a0<\/strong><\/p>\n<p><strong>\u00a0<\/strong><\/p>\n<p><strong>\u00a0<\/strong><\/p>\n<p><strong>\u00a0<\/strong><\/p>\n<p><strong>M<\/strong><\/p>\n<p><strong>A<\/strong><\/p>\n<p><strong>R<\/strong><\/p>\n<p><strong>Z<\/strong><\/p>\n<p><strong>E<\/strong><\/p>\n<p><strong>C<\/strong><\/td>\n<td width=\"361\">Szkolny konkurs przyrodniczo &#8211; \u015brodowiskowy kl. 3<\/p>\n<p>Szkolny konkurs pomocy przedmedycznej<\/p>\n<p>Szkolny konkurs \u201cBezpieczni na co dzie\u0144\u201d kl. 3<\/p>\n<p>Dzie\u0144 \u015al\u0105ski<\/p>\n<p>&nbsp;<\/p>\n<p>Dzie\u0144 Kobiet<\/p>\n<p>Konkurs \u201cKangur matematyczny\u201d<\/p>\n<p>Konkurs \u201cStw\u00f3rz liczb\u0119 PI\u201d<\/p>\n<p>&nbsp;<\/p>\n<p>&nbsp;<\/td>\n<td width=\"320\">A. Matura<\/p>\n<p>K. Galus, M.Paw\u0142owski<\/p>\n<p>R. Schejbal<\/p>\n<p>K. Urba\u0144czyk, B. Durczok, M. Klekot, K. Globisch<\/p>\n<p>A..Ciopalska + SU, B. Filec<\/p>\n<p>M. Paw\u0142owski + P. Stolarska<\/p>\n<p>M. Paw\u0142owski<\/td>\n<\/tr>\n<tr>\n<td width=\"53\"><strong>\u00a0<\/strong><\/p>\n<p><strong>K<\/strong><\/p>\n<p><strong>W<\/strong><\/p>\n<p><strong>I<\/strong><\/p>\n<p><strong>E<\/strong><\/p>\n<p><strong>C<\/strong><\/p>\n<p><strong>I<\/strong><\/p>\n<p><strong>E<\/strong><\/p>\n<p><strong>\u0143<\/strong><\/p>\n<p><strong>\u00a0<\/strong><\/td>\n<td width=\"361\">Mi\u0119dzyszkolny konkurs \u015brodowiskowo &#8211; przyrodniczy \u201cJa i m\u00f3j \u015bwiat\u201d<\/p>\n<p>Dzie\u0144 Ziemi<\/p>\n<p>Master of Vocabulary kl. 4-8<\/p>\n<p>&nbsp;<\/td>\n<td width=\"320\">M. Sowa, K. Mazaraki, D. Malchar,<\/p>\n<p>A. Matura<\/p>\n<p>K. Galus, J. Kierat<\/p>\n<p>A..Ciopalska, B. Filec<\/td>\n<\/tr>\n<tr>\n<td width=\"53\"><strong>\u00a0<\/strong><\/p>\n<p><strong>\u00a0<\/strong><\/p>\n<p><strong>\u00a0<\/strong><\/p>\n<p><strong>\u00a0<\/strong><\/p>\n<p><strong>\u00a0<\/strong><\/p>\n<p><strong>M<\/strong><\/p>\n<p><strong>A<\/strong><\/p>\n<p><strong>J<\/strong><\/td>\n<td width=\"361\">Akcja \u201cJemy smacznie, zdrowo i kolorowo\u201d<\/p>\n<p>Szkolny konkurs ortograficzny<\/p>\n<p>Szkolny konkurs \u201ePotyczki matematyczne\u201d<\/p>\n<p>Europejski Dzie\u0144 S\u0105siada<\/p>\n<p>Matematyczny YouTuber<\/p>\n<p>Short Stories in English &#8211; konkurs czytania ze zrozumieniem<\/p>\n<p>Szkolna gra terenowa Geocaching<\/p>\n<p>\u201eOtwarci na Europ\u0119\u201d<\/td>\n<td width=\"320\">nauczyciele edukacji wczesnoszkolnej<\/p>\n<p>B. Hu\u0107<\/p>\n<p>M. Sowa<\/p>\n<p>K. Urba\u0144czyk,<\/p>\n<p>M. Paw\u0142owski<\/p>\n<p>A..Ciopalska, B. Filec<\/p>\n<p>&nbsp;<\/p>\n<p>K. Galus, M. Paw\u0142owski<\/p>\n<p>A. Ciopalska, B. Filec, M. Klekot<\/td>\n<\/tr>\n<tr>\n<td width=\"53\"><strong>\u00a0<\/strong><\/p>\n<p><strong>C<\/strong><\/p>\n<p><strong>Z<\/strong><\/p>\n<p><strong>E<\/strong><\/p>\n<p><strong>R<\/strong><\/p>\n<p><strong>W<\/strong><\/p>\n<p><strong>I<\/strong><\/p>\n<p><strong>E<\/strong><\/p>\n<p><strong>C<\/strong><\/p>\n<p><strong>\u00a0<\/strong><\/td>\n<td width=\"361\">Olimpiada sportowa kl. 1-3<\/p>\n<p>Dzie\u0144 Dziecka<\/p>\n<p>Szalony Tydzie\u0144<\/p>\n<p>Po\u017cegnanie klasy 8<\/p>\n<p>Zako\u0144czenie roku szkolnego 2025\/2026 kl. 1-3<\/p>\n<p>Zako\u0144czenie roku szkolnego 2025\/2026 kl. 4-8<\/td>\n<td width=\"320\">R. Schejbal<\/p>\n<p>nauczyciele edukacji wczesnoszkolnej<\/p>\n<p>A..Ciopalska + SU<\/p>\n<p>M. Paw\u0142owski<\/p>\n<p>B. Hu\u0107, K. Mazaraki<\/p>\n<p>M. Paw\u0142owski<\/p>\n<p>&nbsp;<\/td>\n<\/tr>\n<\/tbody>\n<\/table>\n","protected":false},"excerpt":{"rendered":"<p>&nbsp; \u00a0 WYDARZENIA OSOBY ODPOWIEDZIALNE \u00a0 \u00a0 W R Z E S I E \u0143 Rozpocz\u0119cie roku szkolnego 2025\/2026 kl.1-3 Rozpocz\u0119cie roku szkolnego 2025\/2026 kl. 4-8 Sprz\u0105tanie \u015bwiata Narodowe czytanie Wyb\u00f3r samorz\u0105du uczniowskiego Wybory do M\u0142odzie\u017cowej Rady Miasta Dzie\u0144 Ch\u0142opaka [&hellip;]<\/p>\n","protected":false},"author":1,"featured_media":0,"parent":0,"menu_order":0,"comment_status":"closed","ping_status":"closed","template":"","meta":{"footnotes":""},"class_list":["post-136","page","type-page","status-publish","hentry"],"_links":{"self":[{"href":"https:\/\/sp5siemianowice.pl\/index.php?rest_route=\/wp\/v2\/pages\/136","targetHints":{"allow":["GET"]}}],"collection":[{"href":"https:\/\/sp5siemianowice.pl\/index.php?rest_route=\/wp\/v2\/pages"}],"about":[{"href":"https:\/\/sp5siemianowice.pl\/index.php?rest_route=\/wp\/v2\/types\/page"}],"author":[{"embeddable":true,"href":"https:\/\/sp5siemianowice.pl\/index.php?rest_route=\/wp\/v2\/users\/1"}],"replies":[{"embeddable":true,"href":"https:\/\/sp5siemianowice.pl\/index.php?rest_route=%2Fwp%2Fv2%2Fcomments&post=136"}],"version-history":[{"count":16,"href":"https:\/\/sp5siemianowice.pl\/index.php?rest_route=\/wp\/v2\/pages\/136\/revisions"}],"predecessor-version":[{"id":8862,"href":"https:\/\/sp5siemianowice.pl\/index.php?rest_route=\/wp\/v2\/pages\/136\/revisions\/8862"}],"wp:attachment":[{"href":"https:\/\/sp5siemianowice.pl\/index.php?rest_route=%2Fwp%2Fv2%2Fmedia&parent=136"}],"curies":[{"name":"wp","href":"https:\/\/api.w.org\/{rel}","templated":true}]}}