{"id":140,"date":"2020-08-23T23:09:57","date_gmt":"2020-08-23T21:09:57","guid":{"rendered":"http:\/\/sp5siemianowice.pl\/?page_id=140"},"modified":"2025-08-30T12:44:41","modified_gmt":"2025-08-30T10:44:41","slug":"o-swietlicy-szkolnej","status":"publish","type":"page","link":"https:\/\/sp5siemianowice.pl\/?page_id=140","title":{"rendered":"\u015aWIETLICA SZKOLNA"},"content":{"rendered":"<p><img fetchpriority=\"high\" decoding=\"async\" class=\"aligncenter size-large wp-image-8214\" src=\"http:\/\/sp5siemianowice.pl\/wp-content\/uploads\/2025\/03\/swietlica-szkolna-1024x228.png\" alt=\"\" width=\"680\" height=\"151\" srcset=\"https:\/\/sp5siemianowice.pl\/wp-content\/uploads\/2025\/03\/swietlica-szkolna-1024x228.png 1024w, https:\/\/sp5siemianowice.pl\/wp-content\/uploads\/2025\/03\/swietlica-szkolna-300x67.png 300w, https:\/\/sp5siemianowice.pl\/wp-content\/uploads\/2025\/03\/swietlica-szkolna-768x171.png 768w, https:\/\/sp5siemianowice.pl\/wp-content\/uploads\/2025\/03\/swietlica-szkolna.png 1501w\" sizes=\"(max-width: 680px) 100vw, 680px\" \/><\/p>\r\n<p><strong>mgr Aleksandra Harupa<\/strong><\/p>\r\n<p><strong>mgr Aleksandra \u0141uba<\/strong><\/p>\r\n<p><strong>mgr Ma\u0142gorzata Str\u00f3zik<\/strong><\/p>\r\n<p><strong>mgr Agata Lebioda<\/strong><\/p>\r\n<p>\u015awietlica czynna od godz. 6:45 do godz. 16:30<\/p>\r\n<p>\u015awietlica szkolna to najbardziej rozbawione miejsce w szkole. To tu \u015awietliki sp\u0119dzaj\u0105 czas przed lekcjami oraz po lekcjach na wsp\u00f3lnej zabawie. Pobyt w \u015bwietlicy jest \u015bwietn\u0105 okazj\u0105, \u017ceby lepiej pozna\u0107 koleg\u00f3w z innych klas, z tak\u017ce nawi\u0105za\u0107 mi\u0119dzyklasowe przyja\u017anie. Natomiast uczniowie klas pierwszych, dzi\u0119ki pomocy starszych koleg\u00f3w bardzo szybko odnajduj\u0105 si\u0119 w szkolnej rzeczywisto\u015bci.<\/p>\r\n<p>\u015awietlica Siemianowickiej Pi\u0105teczki to miejsce przyjazne zar\u00f3wno ch\u0142opcom, jak i dziewczynkom. Tu ka\u017cdy znajdzie co\u015b dla siebie. Atrakcyjne zaj\u0119cia plastyczne, konkursy, kreatywne zaj\u0119cia konstrukcyjne, niezwykle energetyczne zaj\u0119cia ruchowe, \u00a0ciekawe zaj\u0119cia tematyczne, ca\u0142y stos rozmaitych gier, a tak\u017ce inwencja tw\u00f3rcza pa\u0144 i dzieci sprawiaj\u0105, \u017ce pobyt w \u015bwietlicy nigdy si\u0119 nie nudzi, a \u015awietliki nie chc\u0105 wraca\u0107 do dom\u00f3w.<\/p>\r\n<p>Jednak nie sam\u0105 zabaw\u0105 \u017cyje \u015awietlik. \u015awietlica to tak\u017ce miejsce gdzie, uczniowie mog\u0105 odpocz\u0105\u0107, zje\u015b\u0107 \u015bniadanie czy odrobi\u0107 zadania domowe. Tu pomoc\u0105 s\u0142u\u017c\u0105 panie oraz starsi koledzy. W naszej \u015bwietlicy staramy si\u0119, \u017ceby ka\u017cde dziecko czu\u0142o si\u0119 akceptowane i mi\u0142o sp\u0119dza\u0142o czas w gronie r\u00f3wie\u015bnik\u00f3w.<\/p>\r\n<p><strong>Motto naszej \u015bwietlicy:<\/strong><\/p>\r\n<p><em>\u201e<\/em><em>Zabawa jest nauk\u0105, nauka jest zabaw\u0105. Im wi\u0119cej zabawy, tym wi\u0119cej nauki.\u201d<\/em><\/p>\r\n<p style=\"text-align: right;\">[Glenn Doman]<\/p>\r\n<p><strong>\u00a0<\/strong><\/p>\r\n<p>&nbsp;<\/p>\r\n\r\n<figure class=\"wp-block-table\"><\/figure>\r\n","protected":false},"excerpt":{"rendered":"<p>mgr Aleksandra Harupa mgr Aleksandra \u0141uba mgr Ma\u0142gorzata Str\u00f3zik mgr Agata Lebioda \u015awietlica czynna od godz. 6:45 do godz. 16:30 \u015awietlica szkolna to najbardziej rozbawione miejsce w szkole. To tu \u015awietliki sp\u0119dzaj\u0105 czas przed lekcjami oraz po lekcjach na wsp\u00f3lnej [&hellip;]<\/p>\n","protected":false},"author":1,"featured_media":0,"parent":0,"menu_order":0,"comment_status":"closed","ping_status":"closed","template":"","meta":{"footnotes":""},"class_list":["post-140","page","type-page","status-publish","hentry"],"_links":{"self":[{"href":"https:\/\/sp5siemianowice.pl\/index.php?rest_route=\/wp\/v2\/pages\/140","targetHints":{"allow":["GET"]}}],"collection":[{"href":"https:\/\/sp5siemianowice.pl\/index.php?rest_route=\/wp\/v2\/pages"}],"about":[{"href":"https:\/\/sp5siemianowice.pl\/index.php?rest_route=\/wp\/v2\/types\/page"}],"author":[{"embeddable":true,"href":"https:\/\/sp5siemianowice.pl\/index.php?rest_route=\/wp\/v2\/users\/1"}],"replies":[{"embeddable":true,"href":"https:\/\/sp5siemianowice.pl\/index.php?rest_route=%2Fwp%2Fv2%2Fcomments&post=140"}],"version-history":[{"count":31,"href":"https:\/\/sp5siemianowice.pl\/index.php?rest_route=\/wp\/v2\/pages\/140\/revisions"}],"predecessor-version":[{"id":8802,"href":"https:\/\/sp5siemianowice.pl\/index.php?rest_route=\/wp\/v2\/pages\/140\/revisions\/8802"}],"wp:attachment":[{"href":"https:\/\/sp5siemianowice.pl\/index.php?rest_route=%2Fwp%2Fv2%2Fmedia&parent=140"}],"curies":[{"name":"wp","href":"https:\/\/api.w.org\/{rel}","templated":true}]}}