{"id":144,"date":"2020-08-23T23:13:57","date_gmt":"2020-08-23T21:13:57","guid":{"rendered":"http:\/\/sp5siemianowice.pl\/?page_id=144"},"modified":"2025-09-16T09:01:10","modified_gmt":"2025-09-16T07:01:10","slug":"dokumenty-szkolne","status":"publish","type":"page","link":"https:\/\/sp5siemianowice.pl\/?page_id=144","title":{"rendered":"Dokumenty szkolne"},"content":{"rendered":"<p><img fetchpriority=\"high\" decoding=\"async\" class=\"aligncenter size-large wp-image-8187\" src=\"http:\/\/sp5siemianowice.pl\/wp-content\/uploads\/2025\/03\/dokumenty-szkolne-1024x229.png\" alt=\"\" width=\"680\" height=\"152\" srcset=\"https:\/\/sp5siemianowice.pl\/wp-content\/uploads\/2025\/03\/dokumenty-szkolne-1024x229.png 1024w, https:\/\/sp5siemianowice.pl\/wp-content\/uploads\/2025\/03\/dokumenty-szkolne-300x67.png 300w, https:\/\/sp5siemianowice.pl\/wp-content\/uploads\/2025\/03\/dokumenty-szkolne-768x172.png 768w, https:\/\/sp5siemianowice.pl\/wp-content\/uploads\/2025\/03\/dokumenty-szkolne.png 1499w\" sizes=\"(max-width: 680px) 100vw, 680px\" \/><\/p>\r\n<p>&#8211; Program wychowawczo-profilaktyczny <a href=\"http:\/\/sp5siemianowice.pl\/wp-content\/uploads\/2025\/09\/program-wychowawczy2025-zalacznik1.pdf\">&gt;&gt;&gt;&gt;&gt;<\/a><\/p>\r\n<p style=\"padding-left: 160px;\">Za\u0142\u0105cznik 1 cz\u0119\u015b\u0107 1 <a href=\"http:\/\/sp5siemianowice.pl\/wp-content\/uploads\/2025\/09\/program-wychowawczy2025-zalacznik1.pdf\">&gt;&gt;&gt;&gt;&gt;<\/a><\/p>\r\n<p style=\"padding-left: 160px;\">Za\u0142\u0105cznik 1 cz\u0119\u015b\u0107 2 <a href=\"http:\/\/sp5siemianowice.pl\/wp-content\/uploads\/2025\/09\/program-wychowawczy2025-zalacznik2.pdf\">&gt;&gt;&gt;&gt;&gt;<\/a><\/p>\r\n<p style=\"padding-left: 160px;\">Za\u0142\u0105cznik 1 cz\u0119\u015b\u0107 3 <a href=\"http:\/\/sp5siemianowice.pl\/wp-content\/uploads\/2025\/09\/program-wychowawczy2025-zalacznik3.pdf\">&gt;&gt;&gt;&gt;&gt;<\/a><\/p>\r\n<p style=\"padding-left: 160px;\">Za\u0142\u0105cznik 1 cz\u0119\u015b\u0107 4 <a href=\"http:\/\/sp5siemianowice.pl\/wp-content\/uploads\/2025\/09\/program-wychowawczy2025-zalacznik4.pdf\">&gt;&gt;&gt;&gt;&gt;<\/a><\/p>\r\n<p>&#8211; Statut Szko\u0142y <a href=\"http:\/\/sp5siemianowice.pl\/wp-content\/uploads\/2025\/09\/STATUT-01.09.2025.pdf\">&gt;&gt;&gt;&gt;&gt;<\/a><\/p>\r\n<p>&#8211; Zasady Oceniania Przedmiotowego <a href=\"http:\/\/sp5siemianowice.pl\/?page_id=246\">&gt;&gt;&gt;&gt;&gt;<\/a><\/p>\r\n<p>&#8211; Polityka ochrony dzieci przed krzywdzeniem &#8211; wersja zupe\u0142na <a href=\"http:\/\/sp5siemianowice.pl\/wp-content\/uploads\/2024\/05\/Polityka-ochrony-dzieci-przed-krzywdzeniem-w-SP5.pdf\">&gt;&gt;&gt;&gt;&gt;<\/a><\/p>\r\n<p>\u00a0\u00a0\u00a0\u00a0Polityka ochrony dzieci przed krzywdzeniem &#8211; wersja skr\u00f3cona <a href=\"http:\/\/sp5siemianowice.pl\/wp-content\/uploads\/2024\/08\/Tak-zadbasz-o-swoje-bezpieczenswo.pdf\">&gt;&gt;&gt;&gt;&gt;<\/a>, <a href=\"http:\/\/sp5siemianowice.pl\/wp-content\/uploads\/2024\/08\/Plakat-pdf.pdf\">&gt;&gt;&gt;&gt;&gt;<\/a><\/p>\r\n<p>Zarz\u0105dzenie nr 14\/2023\/24 <a href=\"http:\/\/sp5siemianowice.pl\/wp-content\/uploads\/2024\/08\/Polityka-zarzadzenie2024.pdf\">&gt;&gt;&gt;&gt;&gt;<\/a><\/p>\r\n<p>Za\u0142\u0105cznik 1 &#8211; karta interwencji <a href=\"http:\/\/sp5siemianowice.pl\/wp-content\/uploads\/2024\/08\/polityka-zalacznik1-2024.pdf\">&gt;&gt;&gt;&gt;&gt;<\/a><\/p>\r\n<p>Za\u0142\u0105cznik 2 &#8211; procedura <a href=\"http:\/\/sp5siemianowice.pl\/wp-content\/uploads\/2024\/08\/polityka-zalacznik2-2024.pdf\">&gt;&gt;&gt;&gt;&gt;<\/a><\/p>\r\n<p>Za\u0142\u0105cznik 3 &#8211; ankieta <a href=\"http:\/\/sp5siemianowice.pl\/wp-content\/uploads\/2024\/08\/polityka-zalacznik3-2024.pdf\">&gt;&gt;&gt;&gt;&gt;<\/a><\/p>\r\n<p>Za\u0142\u0105cznik 4 &#8211; o\u015bwiadczenie <a href=\"http:\/\/sp5siemianowice.pl\/wp-content\/uploads\/2024\/08\/polityka-zalacznik4-2024.pdf\">&gt;&gt;&gt;&gt;&gt;<\/a><\/p>\r\n<p>Za\u0142\u0105cznik 1 niebieska karta A &#8211; <a href=\"http:\/\/sp5siemianowice.pl\/wp-content\/uploads\/2024\/08\/polityka-kartaA-2024.pdf\">&gt;&gt;&gt;&gt;&gt;<\/a><\/p>\r\n<p>Za\u0142\u0105cznik 1 niebieska karta B &#8211; <a href=\"http:\/\/sp5siemianowice.pl\/wp-content\/uploads\/2024\/08\/polityka-kartaB-2024.pdf\">&gt;&gt;&gt;&gt;&gt;<\/a><\/p>\r\n<p>&#8211; Zestawy podr\u0119cznik\u00f3w <a href=\"http:\/\/sp5siemianowice.pl\/wp-content\/uploads\/2025\/06\/podreczniki2025-2026.pdf\">&gt;&gt;&gt;&gt;&gt;<\/a><\/p>\r\n<p>&#8211; Programy nauczania <a href=\"http:\/\/sp5siemianowice.pl\/wp-content\/uploads\/2025\/09\/zestaw-programow-2025-2026.pdf\">&gt;&gt;&gt;&gt;&gt;<\/a><\/p>\r\n<p>&#8211; Procedury i regulaminy:<\/p>\r\n\r\n<p style=\"padding-left: 160px;\">Procedura bezpiecze\u0144stwa <a href=\"http:\/\/sp5siemianowice.pl\/wp-content\/uploads\/2021\/09\/procedura-bezpieczenstwa-2021.pdf\">&gt;&gt;&gt;&gt;&gt;<\/a><\/p>\r\n<p style=\"padding-left: 160px;\">Bezpieczny powr\u00f3t do szk\u00f3\u0142 <a href=\"http:\/\/sp5siemianowice.pl\/wp-content\/uploads\/2021\/01\/1.09.2020-procedury-bezpieczenstwa_tekst-jednolity-_18-stycznia-2021.pdf\">&gt;&gt;&gt;&gt;&gt;<\/a><\/p>\r\n<p style=\"padding-left: 160px;\">Procedura wydawania duplikat\u00f3w \u015bwiadectw, legitymacji szkolnych i kart rowerowych <a href=\"http:\/\/sp5siemianowice.pl\/wp-content\/uploads\/2020\/09\/P-48.pdf\">&gt;&gt;&gt;&gt;&gt;<\/a><\/p>\r\n<p style=\"padding-left: 160px;\">Procedura funkcjonowania i korzystania z monitoringu wizyjnego <a href=\"http:\/\/sp5siemianowice.pl\/wp-content\/uploads\/2020\/09\/P-49.pdf\">&gt;&gt;&gt;&gt;&gt;<\/a><\/p>\r\n<p style=\"padding-left: 160px;\">Regulamin \u015bwietlicy <a href=\"http:\/\/sp5siemianowice.pl\/wp-content\/uploads\/2020\/09\/R-1.pdf\">&gt;&gt;&gt;&gt;&gt;<\/a><\/p>\r\n<p style=\"padding-left: 160px;\">Regulamin sp\u0119dzania przerw &#8211; \u201eBezpieczna Przerwa\u201d <a href=\"http:\/\/sp5siemianowice.pl\/wp-content\/uploads\/2020\/09\/R-4.pdf\">&gt;&gt;&gt;&gt;&gt;<\/a><\/p>\r\n<p style=\"padding-left: 160px;\">Regulamin korzystania z og\u00f3lnodost\u0119pnego boiska wielofunkcyjnego <a href=\"http:\/\/sp5siemianowice.pl\/wp-content\/uploads\/2020\/09\/R-8.pdf\">&gt;&gt;&gt;&gt;&gt;<\/a><\/p>\r\n<p style=\"padding-left: 160px;\">Regulamin przyj\u0119cia podr\u0119cznik\u00f3w na stan biblioteki oraz korzystania z podr\u0119cznik\u00f3w i materia\u0142\u00f3w edukacyjnych <a href=\"http:\/\/sp5siemianowice.pl\/wp-content\/uploads\/2020\/09\/R-12.pdf\">&gt;&gt;&gt;&gt;&gt;<\/a><\/p>\r\n<p style=\"padding-left: 160px;\">Regulamin korzystania ze sto\u0142\u00f3wki <a href=\"http:\/\/sp5siemianowice.pl\/wp-content\/uploads\/2020\/09\/R-15.pdf\">&gt;&gt;&gt;&gt;&gt;<\/a><\/p>\r\n","protected":false},"excerpt":{"rendered":"<p>&#8211; Program wychowawczo-profilaktyczny &gt;&gt;&gt;&gt;&gt; Za\u0142\u0105cznik 1 cz\u0119\u015b\u0107 1 &gt;&gt;&gt;&gt;&gt; Za\u0142\u0105cznik 1 cz\u0119\u015b\u0107 2 &gt;&gt;&gt;&gt;&gt; Za\u0142\u0105cznik 1 cz\u0119\u015b\u0107 3 &gt;&gt;&gt;&gt;&gt; Za\u0142\u0105cznik 1 cz\u0119\u015b\u0107 4 &gt;&gt;&gt;&gt;&gt; &#8211; Statut Szko\u0142y &gt;&gt;&gt;&gt;&gt; &#8211; Zasady Oceniania Przedmiotowego &gt;&gt;&gt;&gt;&gt; &#8211; Polityka ochrony dzieci przed krzywdzeniem &#8211; [&hellip;]<\/p>\n","protected":false},"author":1,"featured_media":0,"parent":0,"menu_order":0,"comment_status":"closed","ping_status":"closed","template":"","meta":{"footnotes":""},"class_list":["post-144","page","type-page","status-publish","hentry"],"_links":{"self":[{"href":"https:\/\/sp5siemianowice.pl\/index.php?rest_route=\/wp\/v2\/pages\/144","targetHints":{"allow":["GET"]}}],"collection":[{"href":"https:\/\/sp5siemianowice.pl\/index.php?rest_route=\/wp\/v2\/pages"}],"about":[{"href":"https:\/\/sp5siemianowice.pl\/index.php?rest_route=\/wp\/v2\/types\/page"}],"author":[{"embeddable":true,"href":"https:\/\/sp5siemianowice.pl\/index.php?rest_route=\/wp\/v2\/users\/1"}],"replies":[{"embeddable":true,"href":"https:\/\/sp5siemianowice.pl\/index.php?rest_route=%2Fwp%2Fv2%2Fcomments&post=144"}],"version-history":[{"count":89,"href":"https:\/\/sp5siemianowice.pl\/index.php?rest_route=\/wp\/v2\/pages\/144\/revisions"}],"predecessor-version":[{"id":8895,"href":"https:\/\/sp5siemianowice.pl\/index.php?rest_route=\/wp\/v2\/pages\/144\/revisions\/8895"}],"wp:attachment":[{"href":"https:\/\/sp5siemianowice.pl\/index.php?rest_route=%2Fwp%2Fv2%2Fmedia&parent=144"}],"curies":[{"name":"wp","href":"https:\/\/api.w.org\/{rel}","templated":true}]}}