{"id":146,"date":"2020-08-23T23:16:29","date_gmt":"2020-08-23T21:16:29","guid":{"rendered":"http:\/\/sp5siemianowice.pl\/?page_id=146"},"modified":"2025-03-08T15:25:22","modified_gmt":"2025-03-08T14:25:22","slug":"dyrekcja-i-administracja-2","status":"publish","type":"page","link":"https:\/\/sp5siemianowice.pl\/?page_id=146","title":{"rendered":"Dyrekcja i administracja"},"content":{"rendered":"<img fetchpriority=\"high\" decoding=\"async\" class=\"aligncenter size-large wp-image-8264\" src=\"http:\/\/sp5siemianowice.pl\/wp-content\/uploads\/2025\/03\/dyrektor-1024x229.png\" alt=\"\" width=\"680\" height=\"152\" srcset=\"https:\/\/sp5siemianowice.pl\/wp-content\/uploads\/2025\/03\/dyrektor-1024x229.png 1024w, https:\/\/sp5siemianowice.pl\/wp-content\/uploads\/2025\/03\/dyrektor-300x67.png 300w, https:\/\/sp5siemianowice.pl\/wp-content\/uploads\/2025\/03\/dyrektor-768x171.png 768w, https:\/\/sp5siemianowice.pl\/wp-content\/uploads\/2025\/03\/dyrektor.png 1501w\" sizes=\"(max-width: 680px) 100vw, 680px\" \/>\r\n<p style=\"text-align: center;\"><img decoding=\"async\" class=\"alignnone size-large wp-image-2973\" src=\"http:\/\/sp5siemianowice.pl\/wp-content\/uploads\/2022\/09\/IMG_0122a-1024x683.jpg\" alt=\"\" width=\"680\" height=\"454\" srcset=\"https:\/\/sp5siemianowice.pl\/wp-content\/uploads\/2022\/09\/IMG_0122a-1024x683.jpg 1024w, https:\/\/sp5siemianowice.pl\/wp-content\/uploads\/2022\/09\/IMG_0122a-300x200.jpg 300w, https:\/\/sp5siemianowice.pl\/wp-content\/uploads\/2022\/09\/IMG_0122a-768x513.jpg 768w, https:\/\/sp5siemianowice.pl\/wp-content\/uploads\/2022\/09\/IMG_0122a.jpg 1500w\" sizes=\"(max-width: 680px) 100vw, 680px\" \/><\/p>\r\n<p style=\"text-align: center;\"><strong>mgr Marcin Lazar<\/strong><\/p>\r\n&nbsp;\r\n\r\n<img decoding=\"async\" class=\"aligncenter size-large wp-image-8270\" src=\"http:\/\/sp5siemianowice.pl\/wp-content\/uploads\/2025\/03\/wicedyrektor-1024x228.png\" alt=\"\" width=\"680\" height=\"151\" srcset=\"https:\/\/sp5siemianowice.pl\/wp-content\/uploads\/2025\/03\/wicedyrektor-1024x228.png 1024w, https:\/\/sp5siemianowice.pl\/wp-content\/uploads\/2025\/03\/wicedyrektor-300x67.png 300w, https:\/\/sp5siemianowice.pl\/wp-content\/uploads\/2025\/03\/wicedyrektor-768x171.png 768w, https:\/\/sp5siemianowice.pl\/wp-content\/uploads\/2025\/03\/wicedyrektor.png 1502w\" sizes=\"(max-width: 680px) 100vw, 680px\" \/>\r\n<p style=\"text-align: center;\"><img loading=\"lazy\" decoding=\"async\" class=\"alignnone size-large wp-image-2972\" src=\"http:\/\/sp5siemianowice.pl\/wp-content\/uploads\/2022\/09\/IMG_0083a-1024x683.jpg\" alt=\"\" width=\"680\" height=\"454\" srcset=\"https:\/\/sp5siemianowice.pl\/wp-content\/uploads\/2022\/09\/IMG_0083a-1024x683.jpg 1024w, https:\/\/sp5siemianowice.pl\/wp-content\/uploads\/2022\/09\/IMG_0083a-300x200.jpg 300w, https:\/\/sp5siemianowice.pl\/wp-content\/uploads\/2022\/09\/IMG_0083a-768x513.jpg 768w, https:\/\/sp5siemianowice.pl\/wp-content\/uploads\/2022\/09\/IMG_0083a.jpg 1500w\" sizes=\"(max-width: 680px) 100vw, 680px\" \/><\/p>\r\n<p style=\"text-align: center;\"><strong>mgr Wioleta Mueller-Konieczny<\/strong><\/p>\r\n<strong>Sekretarz Szko\u0142y:<\/strong>\u00a0Anna Pera\r\n\r\n<strong>Referent:<\/strong> Joanna Mellah\r\n\r\n<strong>G\u0142\u00f3wna ksi\u0119gowa:<\/strong> Krystyna \u015aliwi\u0144ska\r\n\r\n<strong>Ksi\u0119gowa:<\/strong> Sabina Grawicz\r\n\r\n<!-- \/wp:post-content -->","protected":false},"excerpt":{"rendered":"<p>mgr Marcin Lazar &nbsp; mgr Wioleta Mueller-Konieczny Sekretarz Szko\u0142y:\u00a0Anna Pera Referent: Joanna Mellah G\u0142\u00f3wna ksi\u0119gowa: Krystyna \u015aliwi\u0144ska Ksi\u0119gowa: Sabina Grawicz<\/p>\n","protected":false},"author":1,"featured_media":0,"parent":0,"menu_order":0,"comment_status":"closed","ping_status":"closed","template":"","meta":{"footnotes":""},"class_list":["post-146","page","type-page","status-publish","hentry"],"_links":{"self":[{"href":"https:\/\/sp5siemianowice.pl\/index.php?rest_route=\/wp\/v2\/pages\/146","targetHints":{"allow":["GET"]}}],"collection":[{"href":"https:\/\/sp5siemianowice.pl\/index.php?rest_route=\/wp\/v2\/pages"}],"about":[{"href":"https:\/\/sp5siemianowice.pl\/index.php?rest_route=\/wp\/v2\/types\/page"}],"author":[{"embeddable":true,"href":"https:\/\/sp5siemianowice.pl\/index.php?rest_route=\/wp\/v2\/users\/1"}],"replies":[{"embeddable":true,"href":"https:\/\/sp5siemianowice.pl\/index.php?rest_route=%2Fwp%2Fv2%2Fcomments&post=146"}],"version-history":[{"count":11,"href":"https:\/\/sp5siemianowice.pl\/index.php?rest_route=\/wp\/v2\/pages\/146\/revisions"}],"predecessor-version":[{"id":8281,"href":"https:\/\/sp5siemianowice.pl\/index.php?rest_route=\/wp\/v2\/pages\/146\/revisions\/8281"}],"wp:attachment":[{"href":"https:\/\/sp5siemianowice.pl\/index.php?rest_route=%2Fwp%2Fv2%2Fmedia&parent=146"}],"curies":[{"name":"wp","href":"https:\/\/api.w.org\/{rel}","templated":true}]}}