{"id":152,"date":"2020-08-23T23:22:12","date_gmt":"2020-08-23T21:22:12","guid":{"rendered":"http:\/\/sp5siemianowice.pl\/?page_id=152"},"modified":"2025-09-06T17:33:44","modified_gmt":"2025-09-06T15:33:44","slug":"pedagog-szkolny","status":"publish","type":"page","link":"https:\/\/sp5siemianowice.pl\/?page_id=152","title":{"rendered":"Pedagog szkolny"},"content":{"rendered":"<p><img fetchpriority=\"high\" decoding=\"async\" class=\"aligncenter size-large wp-image-8199\" src=\"http:\/\/sp5siemianowice.pl\/wp-content\/uploads\/2025\/03\/pedagog-szkolny-1024x228.png\" alt=\"\" width=\"680\" height=\"151\" srcset=\"https:\/\/sp5siemianowice.pl\/wp-content\/uploads\/2025\/03\/pedagog-szkolny-1024x228.png 1024w, https:\/\/sp5siemianowice.pl\/wp-content\/uploads\/2025\/03\/pedagog-szkolny-300x67.png 300w, https:\/\/sp5siemianowice.pl\/wp-content\/uploads\/2025\/03\/pedagog-szkolny-768x171.png 768w, https:\/\/sp5siemianowice.pl\/wp-content\/uploads\/2025\/03\/pedagog-szkolny.png 1499w\" sizes=\"(max-width: 680px) 100vw, 680px\" \/><\/p>\n<p><strong>mgr Katarzyna Pesel<\/strong><\/p>\n<p>Pedagog szkolny sprawuje opiek\u0119 nad uczniami z trudno\u015bciami w nauce, problemami wychowawczymi. Prowadzi zaj\u0119cia o charakterze korekcyjno-kompensacyjnym, terapeutycznym, zaj\u0119cia wspieraj\u0105ce rozw\u00f3j, rozmowy interwencyjne. Dba o realizacj\u0119 obowi\u0105zku szkolnego przez uczni\u00f3w. Realizuje zaj\u0119cia maj\u0105ce na celu: profilaktyk\u0119 uzale\u017cnie\u0144 i zachowa\u0144 niepo\u017c\u0105danych, przeciwdzia\u0142anie niedostosowaniu spo\u0142ecznemu, budowanie udanych relacji interpersonalnych, samopoznanie uczni\u00f3w. Uczy podstaw sprzyjaj\u0105cych bezpiecze\u0144stwu, zachowa\u0144 prozdrowotnych.<\/p>\n<p>Pedagog wsp\u00f3\u0142pracuje z Rad\u0105 Pedagogiczn\u0105, Rodzicami, Poradni\u0105 Psychologiczno-Pedagogiczn\u0105, Policj\u0105, Stra\u017c\u0105 Miejsk\u0105, MOPS-em, S\u0105dem, Sanepidem.<\/p>\n<p><strong>Plan pracy pedagoga szkolnego\u00a0 w roku szkolnym 2025\/26:<\/strong><\/p>\n<p><strong>Poniedzia\u0142ek:<\/strong><\/p>\n<p>8:55-10:35<\/p>\n<p>12:45-15:25<\/p>\n<p><strong>Wtorek:<\/strong><\/p>\n<p>12:45-16:15<\/p>\n<p><strong>\u015aroda:<\/strong><\/p>\n<p>8:55-10:35<\/p>\n<p>11.40-14.30<\/p>\n<p><strong>Czwartek:<\/strong><\/p>\n<p>9:50-10:35<\/p>\n<p>11:40-13.30<\/p>\n<p><strong>Pi\u0105tek<\/strong>:<\/p>\n<p>8:55-10:35<\/p>\n<p>11:40-12:25<\/p>\n","protected":false},"excerpt":{"rendered":"<p>mgr Katarzyna Pesel Pedagog szkolny sprawuje opiek\u0119 nad uczniami z trudno\u015bciami w nauce, problemami wychowawczymi. Prowadzi zaj\u0119cia o charakterze korekcyjno-kompensacyjnym, terapeutycznym, zaj\u0119cia wspieraj\u0105ce rozw\u00f3j, rozmowy interwencyjne. Dba o realizacj\u0119 obowi\u0105zku szkolnego przez uczni\u00f3w. Realizuje zaj\u0119cia maj\u0105ce na celu: profilaktyk\u0119 uzale\u017cnie\u0144 [&hellip;]<\/p>\n","protected":false},"author":1,"featured_media":0,"parent":0,"menu_order":0,"comment_status":"closed","ping_status":"closed","template":"","meta":{"footnotes":""},"class_list":["post-152","page","type-page","status-publish","hentry"],"_links":{"self":[{"href":"https:\/\/sp5siemianowice.pl\/index.php?rest_route=\/wp\/v2\/pages\/152","targetHints":{"allow":["GET"]}}],"collection":[{"href":"https:\/\/sp5siemianowice.pl\/index.php?rest_route=\/wp\/v2\/pages"}],"about":[{"href":"https:\/\/sp5siemianowice.pl\/index.php?rest_route=\/wp\/v2\/types\/page"}],"author":[{"embeddable":true,"href":"https:\/\/sp5siemianowice.pl\/index.php?rest_route=\/wp\/v2\/users\/1"}],"replies":[{"embeddable":true,"href":"https:\/\/sp5siemianowice.pl\/index.php?rest_route=%2Fwp%2Fv2%2Fcomments&post=152"}],"version-history":[{"count":17,"href":"https:\/\/sp5siemianowice.pl\/index.php?rest_route=\/wp\/v2\/pages\/152\/revisions"}],"predecessor-version":[{"id":8822,"href":"https:\/\/sp5siemianowice.pl\/index.php?rest_route=\/wp\/v2\/pages\/152\/revisions\/8822"}],"wp:attachment":[{"href":"https:\/\/sp5siemianowice.pl\/index.php?rest_route=%2Fwp%2Fv2%2Fmedia&parent=152"}],"curies":[{"name":"wp","href":"https:\/\/api.w.org\/{rel}","templated":true}]}}