{"id":154,"date":"2020-08-23T23:23:04","date_gmt":"2020-08-23T21:23:04","guid":{"rendered":"http:\/\/sp5siemianowice.pl\/?page_id=154"},"modified":"2025-09-10T20:02:01","modified_gmt":"2025-09-10T18:02:01","slug":"psycholog-szkolny","status":"publish","type":"page","link":"https:\/\/sp5siemianowice.pl\/?page_id=154","title":{"rendered":"Psycholog szkolny"},"content":{"rendered":"<p><img fetchpriority=\"high\" decoding=\"async\" class=\"aligncenter size-large wp-image-8205\" src=\"http:\/\/sp5siemianowice.pl\/wp-content\/uploads\/2025\/03\/psycholog-szkolny-1024x228.png\" alt=\"\" width=\"680\" height=\"151\" srcset=\"https:\/\/sp5siemianowice.pl\/wp-content\/uploads\/2025\/03\/psycholog-szkolny-1024x228.png 1024w, https:\/\/sp5siemianowice.pl\/wp-content\/uploads\/2025\/03\/psycholog-szkolny-300x67.png 300w, https:\/\/sp5siemianowice.pl\/wp-content\/uploads\/2025\/03\/psycholog-szkolny-768x171.png 768w, https:\/\/sp5siemianowice.pl\/wp-content\/uploads\/2025\/03\/psycholog-szkolny.png 1500w\" sizes=\"(max-width: 680px) 100vw, 680px\" \/><\/p>\n<p><strong>mgr Wiktoria Piaskowska<\/strong><\/p>\n<p>Psycholog szkolny przede wszystkim ma za zadanie udziela\u0107 pomocy psychologicznej uczniom. Wsp\u00f3\u0142pracuje przy tym z wychowawcami, nauczycielami przedmiotowymi oraz rodzicami uczni\u00f3w.<\/p>\n<p>Najwa\u017cniejsze cele w pracy psychologa szkolnego to:<\/p>\n<p>&#8211;\u00a0trafna i rzetelna diagnoza problem\u00f3w ucznia<\/p>\n<p>&#8211;\u00a0udzielenie pomocy psychologicznej uczniowi i rodzicom<\/p>\n<p>&#8211;\u00a0udzielenie profesjonalnej porady uczniowi i rodzicom oraz nauczycielom<\/p>\n<p>&#8211; d\u0142ugotrwa\u0142e oddzia\u0142ywanie na zachowanie ucznia poprzez zaj\u0119cia terapeutyczne<\/p>\n<p>&#8211;\u00a0psychoedukacja uczni\u00f3w, ich rodzic\u00f3w oraz nauczycieli<\/p>\n<p>&#8211;\u00a0wspieranie uczni\u00f3w maj\u0105cych problemy szkolne i osobiste.<\/p>\n<p>Psycholog szkolny jest przyjacielem dziecka, s\u0142u\u017cy mu pomoc\u0105 w ka\u017cdej sytuacji. Ka\u017cdy ucze\u0144 zg\u0142aszaj\u0105cy si\u0119 do psychologa otrzymuje wsparcie i konkretn\u0105 pomoc.<\/p>\n<p><strong>Plan pracy psychologa szkolnego w roku szkolnym 2025\/2026:<\/strong><\/p>\n<p><strong>Wtorek:<\/strong><\/p>\n<p>7:45-12:40<\/p>\n<p><strong>\u015aroda:<\/strong><\/p>\n<p>11:25-16:15<\/p>\n<p><strong>Czwartek:<\/strong><\/p>\n<p>8:00-10:15<\/p>\n<p>&nbsp;<\/p>\n<p>&nbsp;<\/p>\n","protected":false},"excerpt":{"rendered":"<p>mgr Wiktoria Piaskowska Psycholog szkolny przede wszystkim ma za zadanie udziela\u0107 pomocy psychologicznej uczniom. Wsp\u00f3\u0142pracuje przy tym z wychowawcami, nauczycielami przedmiotowymi oraz rodzicami uczni\u00f3w. Najwa\u017cniejsze cele w pracy psychologa szkolnego to: &#8211;\u00a0trafna i rzetelna diagnoza problem\u00f3w ucznia &#8211;\u00a0udzielenie pomocy psychologicznej [&hellip;]<\/p>\n","protected":false},"author":1,"featured_media":0,"parent":0,"menu_order":0,"comment_status":"closed","ping_status":"closed","template":"","meta":{"footnotes":""},"class_list":["post-154","page","type-page","status-publish","hentry"],"_links":{"self":[{"href":"https:\/\/sp5siemianowice.pl\/index.php?rest_route=\/wp\/v2\/pages\/154","targetHints":{"allow":["GET"]}}],"collection":[{"href":"https:\/\/sp5siemianowice.pl\/index.php?rest_route=\/wp\/v2\/pages"}],"about":[{"href":"https:\/\/sp5siemianowice.pl\/index.php?rest_route=\/wp\/v2\/types\/page"}],"author":[{"embeddable":true,"href":"https:\/\/sp5siemianowice.pl\/index.php?rest_route=\/wp\/v2\/users\/1"}],"replies":[{"embeddable":true,"href":"https:\/\/sp5siemianowice.pl\/index.php?rest_route=%2Fwp%2Fv2%2Fcomments&post=154"}],"version-history":[{"count":12,"href":"https:\/\/sp5siemianowice.pl\/index.php?rest_route=\/wp\/v2\/pages\/154\/revisions"}],"predecessor-version":[{"id":8850,"href":"https:\/\/sp5siemianowice.pl\/index.php?rest_route=\/wp\/v2\/pages\/154\/revisions\/8850"}],"wp:attachment":[{"href":"https:\/\/sp5siemianowice.pl\/index.php?rest_route=%2Fwp%2Fv2%2Fmedia&parent=154"}],"curies":[{"name":"wp","href":"https:\/\/api.w.org\/{rel}","templated":true}]}}