{"id":156,"date":"2020-08-23T23:24:11","date_gmt":"2020-08-23T21:24:11","guid":{"rendered":"http:\/\/sp5siemianowice.pl\/?page_id=156"},"modified":"2025-09-09T15:37:47","modified_gmt":"2025-09-09T13:37:47","slug":"logopedzi-szkolni","status":"publish","type":"page","link":"https:\/\/sp5siemianowice.pl\/?page_id=156","title":{"rendered":"Logopeda szkolny"},"content":{"rendered":"<p><img fetchpriority=\"high\" decoding=\"async\" class=\"aligncenter size-large wp-image-8196\" src=\"http:\/\/sp5siemianowice.pl\/wp-content\/uploads\/2025\/03\/logopeda-szkolny-1024x229.png\" alt=\"\" width=\"680\" height=\"152\" srcset=\"https:\/\/sp5siemianowice.pl\/wp-content\/uploads\/2025\/03\/logopeda-szkolny-1024x229.png 1024w, https:\/\/sp5siemianowice.pl\/wp-content\/uploads\/2025\/03\/logopeda-szkolny-300x67.png 300w, https:\/\/sp5siemianowice.pl\/wp-content\/uploads\/2025\/03\/logopeda-szkolny-768x172.png 768w, https:\/\/sp5siemianowice.pl\/wp-content\/uploads\/2025\/03\/logopeda-szkolny.png 1499w\" sizes=\"(max-width: 680px) 100vw, 680px\" \/><\/p>\n<p><strong>mgr Barbara Durczok<\/strong><\/p>\n<p>Logopeda w szkole zajmuje si\u0119 nie tylko wadami wymowy, ale r\u00f3wnie\u017c ocen\u0105 stanu rozwoju mowy, profilaktyk\u0105 logopedyczn\u0105 terapi\u0105 zaburze\u0144 komunikacji na r\u00f3\u017cnych etapach rozwoju, korygowaniem wad wymowy i usprawnianiem j\u0119zyka, usuwaniem zaburze\u0144 g\u0142osu oraz usuwaniem trudno\u015bci w czytaniu i pisaniu.<\/p>\n<p><strong>Godziny pracy logopedy w roku szkolnym 2025\/2026:<\/strong><\/p>\n<p><strong>Poniedzia\u0142ek:<\/strong><\/p>\n<p>7:50 \u2013 10:45<\/p>\n<p>11:30 \u2013 15:25<\/p>\n<p><strong>Wtorek:<\/strong><\/p>\n<p>8:00 \u2013 10:45<\/p>\n<p>11:30 \u2013 15:30<\/p>\n<p><strong>\u015aroda:<\/strong><\/p>\n<p>7:45 \u2013 10:45<\/p>\n<p>11:30 \u2013 15:30<\/p>\n<p><strong>Czwartek:<\/strong><\/p>\n<p>11:00-15:30<\/p>\n<p><strong>Pi\u0105tek:<\/strong><\/p>\n<p>7:50 \u2013 10:45<\/p>\n","protected":false},"excerpt":{"rendered":"<p>mgr Barbara Durczok Logopeda w szkole zajmuje si\u0119 nie tylko wadami wymowy, ale r\u00f3wnie\u017c ocen\u0105 stanu rozwoju mowy, profilaktyk\u0105 logopedyczn\u0105 terapi\u0105 zaburze\u0144 komunikacji na r\u00f3\u017cnych etapach rozwoju, korygowaniem wad wymowy i usprawnianiem j\u0119zyka, usuwaniem zaburze\u0144 g\u0142osu oraz usuwaniem trudno\u015bci w [&hellip;]<\/p>\n","protected":false},"author":1,"featured_media":0,"parent":0,"menu_order":0,"comment_status":"closed","ping_status":"closed","template":"","meta":{"footnotes":""},"class_list":["post-156","page","type-page","status-publish","hentry"],"_links":{"self":[{"href":"https:\/\/sp5siemianowice.pl\/index.php?rest_route=\/wp\/v2\/pages\/156","targetHints":{"allow":["GET"]}}],"collection":[{"href":"https:\/\/sp5siemianowice.pl\/index.php?rest_route=\/wp\/v2\/pages"}],"about":[{"href":"https:\/\/sp5siemianowice.pl\/index.php?rest_route=\/wp\/v2\/types\/page"}],"author":[{"embeddable":true,"href":"https:\/\/sp5siemianowice.pl\/index.php?rest_route=\/wp\/v2\/users\/1"}],"replies":[{"embeddable":true,"href":"https:\/\/sp5siemianowice.pl\/index.php?rest_route=%2Fwp%2Fv2%2Fcomments&post=156"}],"version-history":[{"count":23,"href":"https:\/\/sp5siemianowice.pl\/index.php?rest_route=\/wp\/v2\/pages\/156\/revisions"}],"predecessor-version":[{"id":8829,"href":"https:\/\/sp5siemianowice.pl\/index.php?rest_route=\/wp\/v2\/pages\/156\/revisions\/8829"}],"wp:attachment":[{"href":"https:\/\/sp5siemianowice.pl\/index.php?rest_route=%2Fwp%2Fv2%2Fmedia&parent=156"}],"curies":[{"name":"wp","href":"https:\/\/api.w.org\/{rel}","templated":true}]}}