{"id":158,"date":"2020-08-23T23:25:48","date_gmt":"2020-08-23T21:25:48","guid":{"rendered":"http:\/\/sp5siemianowice.pl\/?page_id=158"},"modified":"2025-09-02T16:21:42","modified_gmt":"2025-09-02T14:21:42","slug":"pielegniarka-szkolna","status":"publish","type":"page","link":"https:\/\/sp5siemianowice.pl\/?page_id=158","title":{"rendered":"Piel\u0119gniarka szkolna"},"content":{"rendered":"<p><img fetchpriority=\"high\" decoding=\"async\" class=\"aligncenter size-large wp-image-8200\" src=\"http:\/\/sp5siemianowice.pl\/wp-content\/uploads\/2025\/03\/pielegniarka-szkolna-1024x228.png\" alt=\"\" width=\"680\" height=\"151\" srcset=\"https:\/\/sp5siemianowice.pl\/wp-content\/uploads\/2025\/03\/pielegniarka-szkolna-1024x228.png 1024w, https:\/\/sp5siemianowice.pl\/wp-content\/uploads\/2025\/03\/pielegniarka-szkolna-300x67.png 300w, https:\/\/sp5siemianowice.pl\/wp-content\/uploads\/2025\/03\/pielegniarka-szkolna-768x171.png 768w, https:\/\/sp5siemianowice.pl\/wp-content\/uploads\/2025\/03\/pielegniarka-szkolna.png 1501w\" sizes=\"(max-width: 680px) 100vw, 680px\" \/><\/p>\n<p><strong>Pani Ewa Lata<\/strong><\/p>\n<p>Sprawuj\u0105c profilaktyczn\u0105 opiek\u0119 nad uczniami, piel\u0119gniarka zapewnia dost\u0119pno\u015b\u0107 w wymiarze czasu odpowiadaj\u0105cym liczbie uczni\u00f3w oraz stosownym do zrealizowania czynno\u015bci zgodnych z planem pracy, z uwzgl\u0119dnieniem planu godzin lekcyjnych. Piel\u0119gniarka szkolna nie zapewnia opieki piel\u0119gniarskiej przez ca\u0142y czas trwania zaj\u0119\u0107 lekcyjnych w szkole.<\/p>\n<p>\u015awiadczenia zdrowotne dzieciom i m\u0142odzie\u017cy do uko\u0144czenia 18 roku \u017cycia udzielane s\u0105 nieodp\u0142atnie bez wzgl\u0119du na to czy posiadaj\u0105, czy te\u017c nie posiadaj\u0105 tytu\u0142u do ubezpieczenia.<\/p>\n<p>Piel\u0119gniarka szkolna planuje i realizuje kompleksow\u0105 opiek\u0119 piel\u0119gnacyjn\u0105 nad uczniami na terenie szko\u0142y. W naszej szkole obejmuje opiek\u0105 dzieci i m\u0142odzie\u017c w wieku od 6 do 14 roku \u017cycia (wed\u0142ug rocznika od klasy 1 do klasy 8). Piel\u0119gniarka w szkole jest trzy razy w tygodniu. Do jej obowi\u0105zk\u00f3w m. in. nale\u017cy wykonywanie bada\u0144 profilaktycznych, kt\u00f3re maj\u0105 na celu wykrycie wad wzroku, s\u0142uchu, postawy, rozwoju fizycznego, zaburze\u0144 widzenia barwnego. Ponadto piel\u0119gniarka prowadzi promocj\u0119 zdrowia i ma nadz\u00f3r nad stanem sanitarno-higienicznym szko\u0142y i higien\u0105 procesu nauczania. \u015awiadczenia piel\u0119gniarki w naszej szkolnej realizowane s\u0105 w gabinecie profilaktyki zdrowotnej.<\/p>\n<p><strong>Plan pracy piel\u0119gniarki szkolnej w roku szkolnym 2025\/2026:<\/strong><\/p>\n<p><strong>wtorek: <\/strong><\/p>\n<p>7:45-12:45<\/p>\n<p><strong>czwartek: <\/strong><\/p>\n<p>10:00-15:00<\/p>\n<p>poniedzia\u0142ek, \u015brod\u0119 i pi\u0105tek pierwszej pomocy udzielaj\u0105 nauczyciele: p. Sebastian Hutny i p. Marek Pyka<\/p>\n","protected":false},"excerpt":{"rendered":"<p>Pani Ewa Lata Sprawuj\u0105c profilaktyczn\u0105 opiek\u0119 nad uczniami, piel\u0119gniarka zapewnia dost\u0119pno\u015b\u0107 w wymiarze czasu odpowiadaj\u0105cym liczbie uczni\u00f3w oraz stosownym do zrealizowania czynno\u015bci zgodnych z planem pracy, z uwzgl\u0119dnieniem planu godzin lekcyjnych. Piel\u0119gniarka szkolna nie zapewnia opieki piel\u0119gniarskiej przez ca\u0142y czas [&hellip;]<\/p>\n","protected":false},"author":1,"featured_media":0,"parent":0,"menu_order":0,"comment_status":"closed","ping_status":"closed","template":"","meta":{"footnotes":""},"class_list":["post-158","page","type-page","status-publish","hentry"],"_links":{"self":[{"href":"https:\/\/sp5siemianowice.pl\/index.php?rest_route=\/wp\/v2\/pages\/158","targetHints":{"allow":["GET"]}}],"collection":[{"href":"https:\/\/sp5siemianowice.pl\/index.php?rest_route=\/wp\/v2\/pages"}],"about":[{"href":"https:\/\/sp5siemianowice.pl\/index.php?rest_route=\/wp\/v2\/types\/page"}],"author":[{"embeddable":true,"href":"https:\/\/sp5siemianowice.pl\/index.php?rest_route=\/wp\/v2\/users\/1"}],"replies":[{"embeddable":true,"href":"https:\/\/sp5siemianowice.pl\/index.php?rest_route=%2Fwp%2Fv2%2Fcomments&post=158"}],"version-history":[{"count":13,"href":"https:\/\/sp5siemianowice.pl\/index.php?rest_route=\/wp\/v2\/pages\/158\/revisions"}],"predecessor-version":[{"id":8809,"href":"https:\/\/sp5siemianowice.pl\/index.php?rest_route=\/wp\/v2\/pages\/158\/revisions\/8809"}],"wp:attachment":[{"href":"https:\/\/sp5siemianowice.pl\/index.php?rest_route=%2Fwp%2Fv2%2Fmedia&parent=158"}],"curies":[{"name":"wp","href":"https:\/\/api.w.org\/{rel}","templated":true}]}}