{"id":160,"date":"2020-08-23T23:26:09","date_gmt":"2020-08-23T21:26:09","guid":{"rendered":"http:\/\/sp5siemianowice.pl\/?page_id=160"},"modified":"2025-03-13T08:27:44","modified_gmt":"2025-03-13T07:27:44","slug":"spolecznosc-uczniowska","status":"publish","type":"page","link":"https:\/\/sp5siemianowice.pl\/?page_id=160","title":{"rendered":"Spo\u0142eczno\u015b\u0107 uczniowska"},"content":{"rendered":"<p><img fetchpriority=\"high\" decoding=\"async\" class=\"aligncenter size-large wp-image-8212\" src=\"http:\/\/sp5siemianowice.pl\/wp-content\/uploads\/2025\/03\/spolecznosc-uczniowska-1024x228.png\" alt=\"\" width=\"680\" height=\"151\" srcset=\"https:\/\/sp5siemianowice.pl\/wp-content\/uploads\/2025\/03\/spolecznosc-uczniowska-1024x228.png 1024w, https:\/\/sp5siemianowice.pl\/wp-content\/uploads\/2025\/03\/spolecznosc-uczniowska-300x67.png 300w, https:\/\/sp5siemianowice.pl\/wp-content\/uploads\/2025\/03\/spolecznosc-uczniowska-768x171.png 768w, https:\/\/sp5siemianowice.pl\/wp-content\/uploads\/2025\/03\/spolecznosc-uczniowska.png 1501w\" sizes=\"(max-width: 680px) 100vw, 680px\" \/><\/p>\n<p style=\"text-align: center;\">wychowawca: Dorota Malchar<\/p>\n<p><img decoding=\"async\" class=\"aligncenter size-large wp-image-8377\" src=\"http:\/\/sp5siemianowice.pl\/wp-content\/uploads\/2025\/03\/1a-1024x731.jpg\" alt=\"\" width=\"680\" height=\"485\" srcset=\"https:\/\/sp5siemianowice.pl\/wp-content\/uploads\/2025\/03\/1a-1024x731.jpg 1024w, https:\/\/sp5siemianowice.pl\/wp-content\/uploads\/2025\/03\/1a-300x214.jpg 300w, https:\/\/sp5siemianowice.pl\/wp-content\/uploads\/2025\/03\/1a-768x548.jpg 768w, https:\/\/sp5siemianowice.pl\/wp-content\/uploads\/2025\/03\/1a.jpg 1500w\" sizes=\"(max-width: 680px) 100vw, 680px\" \/><\/p>\n<p>&nbsp;<\/p>\n<p style=\"text-align: center;\">wychowawca: Aneta Raczy\u0144ska<\/p>\n<p><img decoding=\"async\" class=\"aligncenter size-large wp-image-7789\" src=\"http:\/\/sp5siemianowice.pl\/wp-content\/uploads\/2025\/01\/1b-1024x731.jpg\" alt=\"\" width=\"680\" height=\"485\" srcset=\"https:\/\/sp5siemianowice.pl\/wp-content\/uploads\/2025\/01\/1b-1024x731.jpg 1024w, https:\/\/sp5siemianowice.pl\/wp-content\/uploads\/2025\/01\/1b-300x214.jpg 300w, https:\/\/sp5siemianowice.pl\/wp-content\/uploads\/2025\/01\/1b-768x548.jpg 768w, https:\/\/sp5siemianowice.pl\/wp-content\/uploads\/2025\/01\/1b.jpg 1500w\" sizes=\"(max-width: 680px) 100vw, 680px\" \/><\/p>\n<p>&nbsp;<\/p>\n<p style=\"text-align: center;\">wychowawca: Karolina Mazaraki<\/p>\n<p><img loading=\"lazy\" decoding=\"async\" class=\"aligncenter size-large wp-image-7790\" src=\"http:\/\/sp5siemianowice.pl\/wp-content\/uploads\/2025\/01\/2a-1024x731.jpg\" alt=\"\" width=\"680\" height=\"485\" srcset=\"https:\/\/sp5siemianowice.pl\/wp-content\/uploads\/2025\/01\/2a-1024x731.jpg 1024w, https:\/\/sp5siemianowice.pl\/wp-content\/uploads\/2025\/01\/2a-300x214.jpg 300w, https:\/\/sp5siemianowice.pl\/wp-content\/uploads\/2025\/01\/2a-768x548.jpg 768w, https:\/\/sp5siemianowice.pl\/wp-content\/uploads\/2025\/01\/2a.jpg 1500w\" sizes=\"(max-width: 680px) 100vw, 680px\" \/><\/p>\n<p>&nbsp;<\/p>\n<p style=\"text-align: center;\">wychowawca: Bo\u017cena Hu\u0107<\/p>\n<p><img loading=\"lazy\" decoding=\"async\" class=\"aligncenter size-large wp-image-8378\" src=\"http:\/\/sp5siemianowice.pl\/wp-content\/uploads\/2025\/03\/2b-1024x731.jpg\" alt=\"\" width=\"680\" height=\"485\" srcset=\"https:\/\/sp5siemianowice.pl\/wp-content\/uploads\/2025\/03\/2b-1024x731.jpg 1024w, https:\/\/sp5siemianowice.pl\/wp-content\/uploads\/2025\/03\/2b-300x214.jpg 300w, https:\/\/sp5siemianowice.pl\/wp-content\/uploads\/2025\/03\/2b-768x548.jpg 768w, https:\/\/sp5siemianowice.pl\/wp-content\/uploads\/2025\/03\/2b.jpg 1500w\" sizes=\"(max-width: 680px) 100vw, 680px\" \/><\/p>\n<p>&nbsp;<\/p>\n<p style=\"text-align: center;\">wychowawca: Renata Schejbal<\/p>\n<p><img loading=\"lazy\" decoding=\"async\" class=\"aligncenter size-large wp-image-8379\" src=\"http:\/\/sp5siemianowice.pl\/wp-content\/uploads\/2025\/03\/3a-1024x731.jpg\" alt=\"\" width=\"680\" height=\"485\" srcset=\"https:\/\/sp5siemianowice.pl\/wp-content\/uploads\/2025\/03\/3a-1024x731.jpg 1024w, https:\/\/sp5siemianowice.pl\/wp-content\/uploads\/2025\/03\/3a-300x214.jpg 300w, https:\/\/sp5siemianowice.pl\/wp-content\/uploads\/2025\/03\/3a-768x548.jpg 768w, https:\/\/sp5siemianowice.pl\/wp-content\/uploads\/2025\/03\/3a.jpg 1500w\" sizes=\"(max-width: 680px) 100vw, 680px\" \/><\/p>\n<p>&nbsp;<\/p>\n<p style=\"text-align: center;\">wychowawca: Monika Sowa<\/p>\n<p><img loading=\"lazy\" decoding=\"async\" class=\"aligncenter size-large wp-image-8380\" src=\"http:\/\/sp5siemianowice.pl\/wp-content\/uploads\/2025\/03\/3b-1024x731.jpg\" alt=\"\" width=\"680\" height=\"485\" srcset=\"https:\/\/sp5siemianowice.pl\/wp-content\/uploads\/2025\/03\/3b-1024x731.jpg 1024w, https:\/\/sp5siemianowice.pl\/wp-content\/uploads\/2025\/03\/3b-300x214.jpg 300w, https:\/\/sp5siemianowice.pl\/wp-content\/uploads\/2025\/03\/3b-768x548.jpg 768w, https:\/\/sp5siemianowice.pl\/wp-content\/uploads\/2025\/03\/3b.jpg 1500w\" sizes=\"(max-width: 680px) 100vw, 680px\" \/><\/p>\n<p>&nbsp;<\/p>\n<p style=\"text-align: center;\">wychowawca: Monika Klekot<\/p>\n<p style=\"text-align: center;\"><img loading=\"lazy\" decoding=\"async\" class=\"aligncenter size-large wp-image-7791\" src=\"http:\/\/sp5siemianowice.pl\/wp-content\/uploads\/2025\/01\/4a-1024x731.jpg\" alt=\"\" width=\"680\" height=\"485\" srcset=\"https:\/\/sp5siemianowice.pl\/wp-content\/uploads\/2025\/01\/4a-1024x731.jpg 1024w, https:\/\/sp5siemianowice.pl\/wp-content\/uploads\/2025\/01\/4a-300x214.jpg 300w, https:\/\/sp5siemianowice.pl\/wp-content\/uploads\/2025\/01\/4a-768x548.jpg 768w, https:\/\/sp5siemianowice.pl\/wp-content\/uploads\/2025\/01\/4a.jpg 1500w\" sizes=\"(max-width: 680px) 100vw, 680px\" \/><\/p>\n<p>&nbsp;<\/p>\n<p style=\"text-align: center;\">wychowawca: Paulina Stolarska<\/p>\n<p style=\"text-align: center;\"><img loading=\"lazy\" decoding=\"async\" class=\"aligncenter size-large wp-image-7792\" src=\"http:\/\/sp5siemianowice.pl\/wp-content\/uploads\/2025\/01\/4b-1024x731.jpg\" alt=\"\" width=\"680\" height=\"485\" srcset=\"https:\/\/sp5siemianowice.pl\/wp-content\/uploads\/2025\/01\/4b-1024x731.jpg 1024w, https:\/\/sp5siemianowice.pl\/wp-content\/uploads\/2025\/01\/4b-300x214.jpg 300w, https:\/\/sp5siemianowice.pl\/wp-content\/uploads\/2025\/01\/4b-768x548.jpg 768w, https:\/\/sp5siemianowice.pl\/wp-content\/uploads\/2025\/01\/4b.jpg 1500w\" sizes=\"(max-width: 680px) 100vw, 680px\" \/><\/p>\n<p>&nbsp;<\/p>\n<p style=\"text-align: center;\">wychowawca: Katarzyna Galus<\/p>\n<p style=\"text-align: center;\"><img loading=\"lazy\" decoding=\"async\" class=\"aligncenter size-large wp-image-7793\" src=\"http:\/\/sp5siemianowice.pl\/wp-content\/uploads\/2025\/01\/5a-1024x731.jpg\" alt=\"\" width=\"680\" height=\"485\" srcset=\"https:\/\/sp5siemianowice.pl\/wp-content\/uploads\/2025\/01\/5a-1024x731.jpg 1024w, https:\/\/sp5siemianowice.pl\/wp-content\/uploads\/2025\/01\/5a-300x214.jpg 300w, https:\/\/sp5siemianowice.pl\/wp-content\/uploads\/2025\/01\/5a-768x548.jpg 768w, https:\/\/sp5siemianowice.pl\/wp-content\/uploads\/2025\/01\/5a.jpg 1500w\" sizes=\"(max-width: 680px) 100vw, 680px\" \/><\/p>\n<p>&nbsp;<\/p>\n<p style=\"text-align: center;\">wychowawca: Anna Ciopalska<\/p>\n<p style=\"text-align: center;\"><img loading=\"lazy\" decoding=\"async\" class=\"aligncenter size-large wp-image-7794\" src=\"http:\/\/sp5siemianowice.pl\/wp-content\/uploads\/2025\/01\/5b-2-1024x731.jpg\" alt=\"\" width=\"680\" height=\"485\" srcset=\"https:\/\/sp5siemianowice.pl\/wp-content\/uploads\/2025\/01\/5b-2-1024x731.jpg 1024w, https:\/\/sp5siemianowice.pl\/wp-content\/uploads\/2025\/01\/5b-2-300x214.jpg 300w, https:\/\/sp5siemianowice.pl\/wp-content\/uploads\/2025\/01\/5b-2-768x548.jpg 768w, https:\/\/sp5siemianowice.pl\/wp-content\/uploads\/2025\/01\/5b-2.jpg 1500w\" sizes=\"(max-width: 680px) 100vw, 680px\" \/><\/p>\n<p>&nbsp;<\/p>\n<p style=\"text-align: center;\">wychowawca: Sebastian Hutny<\/p>\n<p style=\"text-align: center;\"><img loading=\"lazy\" decoding=\"async\" class=\"aligncenter size-large wp-image-7795\" src=\"http:\/\/sp5siemianowice.pl\/wp-content\/uploads\/2025\/01\/6a-1024x731.jpg\" alt=\"\" width=\"680\" height=\"485\" srcset=\"https:\/\/sp5siemianowice.pl\/wp-content\/uploads\/2025\/01\/6a-1024x731.jpg 1024w, https:\/\/sp5siemianowice.pl\/wp-content\/uploads\/2025\/01\/6a-300x214.jpg 300w, https:\/\/sp5siemianowice.pl\/wp-content\/uploads\/2025\/01\/6a-768x548.jpg 768w, https:\/\/sp5siemianowice.pl\/wp-content\/uploads\/2025\/01\/6a.jpg 1500w\" sizes=\"(max-width: 680px) 100vw, 680px\" \/><\/p>\n<p>&nbsp;<\/p>\n<p style=\"text-align: center;\">wychowawca: Beata Respondek<\/p>\n<p><img loading=\"lazy\" decoding=\"async\" class=\"aligncenter size-large wp-image-7796\" src=\"http:\/\/sp5siemianowice.pl\/wp-content\/uploads\/2025\/01\/6b-1024x731.jpg\" alt=\"\" width=\"680\" height=\"485\" srcset=\"https:\/\/sp5siemianowice.pl\/wp-content\/uploads\/2025\/01\/6b-1024x731.jpg 1024w, https:\/\/sp5siemianowice.pl\/wp-content\/uploads\/2025\/01\/6b-300x214.jpg 300w, https:\/\/sp5siemianowice.pl\/wp-content\/uploads\/2025\/01\/6b-768x548.jpg 768w, https:\/\/sp5siemianowice.pl\/wp-content\/uploads\/2025\/01\/6b.jpg 1500w\" sizes=\"(max-width: 680px) 100vw, 680px\" \/><\/p>\n<p>&nbsp;<\/p>\n<p style=\"text-align: center;\">wychowawca: Miros\u0142aw Paw\u0142owski<\/p>\n<p><img loading=\"lazy\" decoding=\"async\" class=\"aligncenter size-large wp-image-7797\" src=\"http:\/\/sp5siemianowice.pl\/wp-content\/uploads\/2025\/01\/7a-1024x731.jpg\" alt=\"\" width=\"680\" height=\"485\" srcset=\"https:\/\/sp5siemianowice.pl\/wp-content\/uploads\/2025\/01\/7a-1024x731.jpg 1024w, https:\/\/sp5siemianowice.pl\/wp-content\/uploads\/2025\/01\/7a-300x214.jpg 300w, https:\/\/sp5siemianowice.pl\/wp-content\/uploads\/2025\/01\/7a-768x548.jpg 768w, https:\/\/sp5siemianowice.pl\/wp-content\/uploads\/2025\/01\/7a.jpg 1500w\" sizes=\"(max-width: 680px) 100vw, 680px\" \/><\/p>\n<p>&nbsp;<\/p>\n<p style=\"text-align: center;\">wychowawca:Katarzyna Ubra\u0144czyk<\/p>\n<p><img loading=\"lazy\" decoding=\"async\" class=\"aligncenter size-large wp-image-7798\" src=\"http:\/\/sp5siemianowice.pl\/wp-content\/uploads\/2025\/01\/8a_1-1024x731.jpg\" alt=\"\" width=\"680\" height=\"485\" srcset=\"https:\/\/sp5siemianowice.pl\/wp-content\/uploads\/2025\/01\/8a_1-1024x731.jpg 1024w, https:\/\/sp5siemianowice.pl\/wp-content\/uploads\/2025\/01\/8a_1-300x214.jpg 300w, https:\/\/sp5siemianowice.pl\/wp-content\/uploads\/2025\/01\/8a_1-768x548.jpg 768w, https:\/\/sp5siemianowice.pl\/wp-content\/uploads\/2025\/01\/8a_1.jpg 1500w\" sizes=\"(max-width: 680px) 100vw, 680px\" \/><\/p>\n<p>&nbsp;<\/p>\n<p style=\"text-align: center;\">wychowawca: Justyna Kierat<\/p>\n<p><img loading=\"lazy\" decoding=\"async\" class=\"aligncenter size-large wp-image-8381\" src=\"http:\/\/sp5siemianowice.pl\/wp-content\/uploads\/2025\/03\/8b-1024x731.jpg\" alt=\"\" width=\"680\" height=\"485\" \/><\/p>\n<p>&nbsp;<\/p>\n<p>&nbsp;<\/p>\n<p>&nbsp;<\/p>\n<p>&nbsp;<\/p>\n<p>&nbsp;<\/p>\n<p>&nbsp;<\/p>\n","protected":false},"excerpt":{"rendered":"<p>wychowawca: Dorota Malchar &nbsp; wychowawca: Aneta Raczy\u0144ska &nbsp; wychowawca: Karolina Mazaraki &nbsp; wychowawca: Bo\u017cena Hu\u0107 &nbsp; wychowawca: Renata Schejbal &nbsp; wychowawca: Monika Sowa &nbsp; wychowawca: Monika Klekot &nbsp; wychowawca: Paulina Stolarska &nbsp; wychowawca: Katarzyna Galus &nbsp; wychowawca: Anna Ciopalska &nbsp; [&hellip;]<\/p>\n","protected":false},"author":1,"featured_media":0,"parent":0,"menu_order":0,"comment_status":"closed","ping_status":"closed","template":"","meta":{"footnotes":""},"class_list":["post-160","page","type-page","status-publish","hentry"],"_links":{"self":[{"href":"https:\/\/sp5siemianowice.pl\/index.php?rest_route=\/wp\/v2\/pages\/160","targetHints":{"allow":["GET"]}}],"collection":[{"href":"https:\/\/sp5siemianowice.pl\/index.php?rest_route=\/wp\/v2\/pages"}],"about":[{"href":"https:\/\/sp5siemianowice.pl\/index.php?rest_route=\/wp\/v2\/types\/page"}],"author":[{"embeddable":true,"href":"https:\/\/sp5siemianowice.pl\/index.php?rest_route=\/wp\/v2\/users\/1"}],"replies":[{"embeddable":true,"href":"https:\/\/sp5siemianowice.pl\/index.php?rest_route=%2Fwp%2Fv2%2Fcomments&post=160"}],"version-history":[{"count":15,"href":"https:\/\/sp5siemianowice.pl\/index.php?rest_route=\/wp\/v2\/pages\/160\/revisions"}],"predecessor-version":[{"id":8385,"href":"https:\/\/sp5siemianowice.pl\/index.php?rest_route=\/wp\/v2\/pages\/160\/revisions\/8385"}],"wp:attachment":[{"href":"https:\/\/sp5siemianowice.pl\/index.php?rest_route=%2Fwp%2Fv2%2Fmedia&parent=160"}],"curies":[{"name":"wp","href":"https:\/\/api.w.org\/{rel}","templated":true}]}}