{"id":165,"date":"2020-08-23T23:29:14","date_gmt":"2020-08-23T21:29:14","guid":{"rendered":"http:\/\/sp5siemianowice.pl\/?page_id=165"},"modified":"2025-09-11T21:03:07","modified_gmt":"2025-09-11T19:03:07","slug":"samorzad-klasowy","status":"publish","type":"page","link":"https:\/\/sp5siemianowice.pl\/?page_id=165","title":{"rendered":"Samorz\u0105d klasowy"},"content":{"rendered":"<p><img fetchpriority=\"high\" decoding=\"async\" class=\"aligncenter size-large wp-image-8210\" src=\"http:\/\/sp5siemianowice.pl\/wp-content\/uploads\/2025\/03\/samorzad-klasowy-1024x228.png\" alt=\"\" width=\"680\" height=\"151\" srcset=\"https:\/\/sp5siemianowice.pl\/wp-content\/uploads\/2025\/03\/samorzad-klasowy-1024x228.png 1024w, https:\/\/sp5siemianowice.pl\/wp-content\/uploads\/2025\/03\/samorzad-klasowy-300x67.png 300w, https:\/\/sp5siemianowice.pl\/wp-content\/uploads\/2025\/03\/samorzad-klasowy-768x171.png 768w, https:\/\/sp5siemianowice.pl\/wp-content\/uploads\/2025\/03\/samorzad-klasowy.png 1502w\" sizes=\"(max-width: 680px) 100vw, 680px\" \/><\/p>\n<p>&nbsp;<\/p>\n<table>\n<tbody>\n<tr>\n<td width=\"73\">Oddzia\u0142<\/td>\n<td width=\"492\">Samorz\u0105d \u2013 imiona i nazwiska<\/td>\n<\/tr>\n<tr>\n<td width=\"73\">&nbsp;<\/p>\n<p>4a<\/p>\n<p>&nbsp;<\/td>\n<td width=\"492\">&nbsp;<\/p>\n<p>Nela K\u0142osek, Iwanecki Mi\u0142osz, Piotr Malchar<\/td>\n<\/tr>\n<tr>\n<td width=\"73\">&nbsp;<\/p>\n<p>5a<\/p>\n<p>&nbsp;<\/td>\n<td width=\"492\">&nbsp;<\/p>\n<p>Wojciech Madejczyk, Alicja Szaflik, Maja Kr\u00f3l<\/p>\n<p>&nbsp;<\/td>\n<\/tr>\n<tr>\n<td width=\"73\">&nbsp;<\/p>\n<p>5b<\/p>\n<p>&nbsp;<\/td>\n<td width=\"492\">&nbsp;<\/p>\n<p>Nadia Malina, Kupny Maja, Jambor Wojciech<\/p>\n<p>&nbsp;<\/td>\n<\/tr>\n<tr>\n<td width=\"73\">&nbsp;<\/p>\n<p>6a<\/p>\n<p>&nbsp;<\/td>\n<td width=\"492\">&nbsp;<\/p>\n<p>Daniele Princi, Wojciech Orel, Antoni Oczad\u0142y<\/td>\n<\/tr>\n<tr>\n<td width=\"73\">&nbsp;<\/p>\n<p>6b<\/p>\n<p>&nbsp;<\/td>\n<td width=\"492\">&nbsp;<\/p>\n<p>Julia Koszlaga, Kacper Walesz, Lena Wyrwi\u0144ska<\/td>\n<\/tr>\n<tr>\n<td width=\"73\">&nbsp;<\/p>\n<p>7a<\/p>\n<p>&nbsp;<\/td>\n<td width=\"492\">&nbsp;<\/p>\n<p>Paulina Kosicka, Zofia Kabot, Kinga Radwa\u0144ska<\/p>\n<p>&nbsp;<\/td>\n<\/tr>\n<tr>\n<td width=\"73\">&nbsp;<\/p>\n<p>7b<\/p>\n<p>&nbsp;<\/td>\n<td width=\"492\">&nbsp;<\/p>\n<p>Zuzanna Mierzwa, Tymoteusz Skrzypnik, Martyna Ptok<\/p>\n<p>&nbsp;<\/td>\n<\/tr>\n<tr>\n<td width=\"73\">&nbsp;<\/p>\n<p>8a<\/td>\n<td width=\"492\">&nbsp;<\/p>\n<p>Mateusz Pradela, Emilia Legutki, Emilia Guzy<\/p>\n<p>&nbsp;<\/td>\n<\/tr>\n<\/tbody>\n<\/table>\n","protected":false},"excerpt":{"rendered":"<p>&nbsp; Oddzia\u0142 Samorz\u0105d \u2013 imiona i nazwiska &nbsp; 4a &nbsp; &nbsp; Nela K\u0142osek, Iwanecki Mi\u0142osz, Piotr Malchar &nbsp; 5a &nbsp; &nbsp; Wojciech Madejczyk, Alicja Szaflik, Maja Kr\u00f3l &nbsp; &nbsp; 5b &nbsp; &nbsp; Nadia Malina, Kupny Maja, Jambor Wojciech &nbsp; &nbsp; [&hellip;]<\/p>\n","protected":false},"author":1,"featured_media":0,"parent":0,"menu_order":0,"comment_status":"closed","ping_status":"closed","template":"","meta":{"footnotes":""},"class_list":["post-165","page","type-page","status-publish","hentry"],"_links":{"self":[{"href":"https:\/\/sp5siemianowice.pl\/index.php?rest_route=\/wp\/v2\/pages\/165","targetHints":{"allow":["GET"]}}],"collection":[{"href":"https:\/\/sp5siemianowice.pl\/index.php?rest_route=\/wp\/v2\/pages"}],"about":[{"href":"https:\/\/sp5siemianowice.pl\/index.php?rest_route=\/wp\/v2\/types\/page"}],"author":[{"embeddable":true,"href":"https:\/\/sp5siemianowice.pl\/index.php?rest_route=\/wp\/v2\/users\/1"}],"replies":[{"embeddable":true,"href":"https:\/\/sp5siemianowice.pl\/index.php?rest_route=%2Fwp%2Fv2%2Fcomments&post=165"}],"version-history":[{"count":21,"href":"https:\/\/sp5siemianowice.pl\/index.php?rest_route=\/wp\/v2\/pages\/165\/revisions"}],"predecessor-version":[{"id":8863,"href":"https:\/\/sp5siemianowice.pl\/index.php?rest_route=\/wp\/v2\/pages\/165\/revisions\/8863"}],"wp:attachment":[{"href":"https:\/\/sp5siemianowice.pl\/index.php?rest_route=%2Fwp%2Fv2%2Fmedia&parent=165"}],"curies":[{"name":"wp","href":"https:\/\/api.w.org\/{rel}","templated":true}]}}