{"id":215,"date":"2020-08-31T18:45:41","date_gmt":"2020-08-31T16:45:41","guid":{"rendered":"http:\/\/sp5siemianowice.pl\/?page_id=215"},"modified":"2026-02-13T15:46:03","modified_gmt":"2026-02-13T14:46:03","slug":"wychowawcy-klas","status":"publish","type":"page","link":"https:\/\/sp5siemianowice.pl\/?page_id=215","title":{"rendered":"Wychowawcy klas"},"content":{"rendered":"<p><img fetchpriority=\"high\" decoding=\"async\" class=\"aligncenter size-large wp-image-8271\" src=\"http:\/\/sp5siemianowice.pl\/wp-content\/uploads\/2025\/03\/wychowawcy-1024x228.png\" alt=\"\" width=\"680\" height=\"151\" srcset=\"https:\/\/sp5siemianowice.pl\/wp-content\/uploads\/2025\/03\/wychowawcy-1024x228.png 1024w, https:\/\/sp5siemianowice.pl\/wp-content\/uploads\/2025\/03\/wychowawcy-300x67.png 300w, https:\/\/sp5siemianowice.pl\/wp-content\/uploads\/2025\/03\/wychowawcy-768x171.png 768w, https:\/\/sp5siemianowice.pl\/wp-content\/uploads\/2025\/03\/wychowawcy.png 1501w\" sizes=\"(max-width: 680px) 100vw, 680px\" \/><\/p>\n<table>\n<tbody>\n<tr>\n<td width=\"69\"><strong>Klasa<\/strong><\/td>\n<td width=\"201\"><strong>Wychowawca<\/strong><\/td>\n<td width=\"79\"><strong>Sala<\/strong><\/td>\n<\/tr>\n<tr>\n<td width=\"69\">1a<\/td>\n<td width=\"201\">Renata Schejbal<\/td>\n<td width=\"79\">10<\/td>\n<\/tr>\n<tr>\n<td width=\"69\">1b<\/td>\n<td width=\"201\">Monika Sowa<\/td>\n<td width=\"79\">10<\/td>\n<\/tr>\n<tr>\n<td width=\"69\">2a<\/td>\n<td width=\"201\">Dorota Malchar<\/td>\n<td width=\"79\">5<\/td>\n<\/tr>\n<tr>\n<td width=\"69\">2b<\/td>\n<td width=\"201\">Aneta Raczy\u0144ska<\/td>\n<td width=\"79\">5<\/td>\n<\/tr>\n<tr>\n<td width=\"69\">3a<\/td>\n<td width=\"201\">Karolina Mazaraki<\/td>\n<td width=\"79\">7<\/td>\n<\/tr>\n<tr>\n<td width=\"69\">3b<\/td>\n<td width=\"201\">Bo\u017cena Hu\u0107<\/td>\n<td width=\"79\">7<\/td>\n<\/tr>\n<tr>\n<td width=\"69\">4a<\/td>\n<td width=\"201\">Katarzyna Urba\u0144czyk<\/td>\n<td width=\"79\">2<\/td>\n<\/tr>\n<tr>\n<td width=\"69\">5a<\/td>\n<td width=\"201\">Monika Klekot<\/td>\n<td width=\"79\">13<\/td>\n<\/tr>\n<tr>\n<td width=\"69\">5b<\/td>\n<td width=\"201\">Paulina Stolarska<\/td>\n<td width=\"79\">12<\/td>\n<\/tr>\n<tr>\n<td width=\"69\">6a<\/td>\n<td width=\"201\">Katarzyna Galus<\/td>\n<td width=\"79\">4<\/td>\n<\/tr>\n<tr>\n<td width=\"69\">6b<\/td>\n<td width=\"201\">Anna Ciopalska<\/td>\n<td width=\"79\">11<\/td>\n<\/tr>\n<tr>\n<td width=\"69\">7a<\/td>\n<td width=\"201\">Sebastian Hutny<\/td>\n<td width=\"79\">1<\/td>\n<\/tr>\n<tr>\n<td width=\"69\">7b<\/td>\n<td width=\"201\">Beata Respondek<\/td>\n<td width=\"79\">15<\/td>\n<\/tr>\n<tr>\n<td width=\"69\">8a<\/td>\n<td width=\"201\">Miros\u0142aw Paw\u0142owski<\/td>\n<td width=\"79\">6<\/td>\n<\/tr>\n<tr>\n<td width=\"69\"><\/td>\n<td width=\"201\"><\/td>\n<td width=\"79\"><\/td>\n<\/tr>\n<\/tbody>\n<\/table>\n","protected":false},"excerpt":{"rendered":"<p>Klasa Wychowawca Sala 1a Renata Schejbal 10 1b Monika Sowa 10 2a Dorota Malchar 5 2b Aneta Raczy\u0144ska 5 3a Karolina Mazaraki 7 3b Bo\u017cena Hu\u0107 7 4a Katarzyna Urba\u0144czyk 2 5a Monika Klekot 13 5b Paulina Stolarska 12 6a [&hellip;]<\/p>\n","protected":false},"author":2,"featured_media":0,"parent":0,"menu_order":0,"comment_status":"closed","ping_status":"closed","template":"","meta":{"footnotes":""},"class_list":["post-215","page","type-page","status-publish","hentry"],"_links":{"self":[{"href":"https:\/\/sp5siemianowice.pl\/index.php?rest_route=\/wp\/v2\/pages\/215","targetHints":{"allow":["GET"]}}],"collection":[{"href":"https:\/\/sp5siemianowice.pl\/index.php?rest_route=\/wp\/v2\/pages"}],"about":[{"href":"https:\/\/sp5siemianowice.pl\/index.php?rest_route=\/wp\/v2\/types\/page"}],"author":[{"embeddable":true,"href":"https:\/\/sp5siemianowice.pl\/index.php?rest_route=\/wp\/v2\/users\/2"}],"replies":[{"embeddable":true,"href":"https:\/\/sp5siemianowice.pl\/index.php?rest_route=%2Fwp%2Fv2%2Fcomments&post=215"}],"version-history":[{"count":15,"href":"https:\/\/sp5siemianowice.pl\/index.php?rest_route=\/wp\/v2\/pages\/215\/revisions"}],"predecessor-version":[{"id":9914,"href":"https:\/\/sp5siemianowice.pl\/index.php?rest_route=\/wp\/v2\/pages\/215\/revisions\/9914"}],"wp:attachment":[{"href":"https:\/\/sp5siemianowice.pl\/index.php?rest_route=%2Fwp%2Fv2%2Fmedia&parent=215"}],"curies":[{"name":"wp","href":"https:\/\/api.w.org\/{rel}","templated":true}]}}