{"id":22,"date":"2020-08-23T19:42:10","date_gmt":"2020-08-23T17:42:10","guid":{"rendered":"http:\/\/sp5siemianowice.pl\/?page_id=22"},"modified":"2026-01-20T17:27:19","modified_gmt":"2026-01-20T16:27:19","slug":"rekrutacja-2020-2021","status":"publish","type":"page","link":"https:\/\/sp5siemianowice.pl\/?page_id=22","title":{"rendered":"Rekrutacja 2026\/2027"},"content":{"rendered":"<p><img fetchpriority=\"high\" decoding=\"async\" class=\"aligncenter size-large wp-image-9614\" src=\"http:\/\/sp5siemianowice.pl\/wp-content\/uploads\/2026\/01\/rekrutacja-26_27-1024x227.png\" alt=\"\" width=\"680\" height=\"151\" srcset=\"https:\/\/sp5siemianowice.pl\/wp-content\/uploads\/2026\/01\/rekrutacja-26_27-1024x227.png 1024w, https:\/\/sp5siemianowice.pl\/wp-content\/uploads\/2026\/01\/rekrutacja-26_27-300x67.png 300w, https:\/\/sp5siemianowice.pl\/wp-content\/uploads\/2026\/01\/rekrutacja-26_27-768x171.png 768w, https:\/\/sp5siemianowice.pl\/wp-content\/uploads\/2026\/01\/rekrutacja-26_27.png 1499w\" sizes=\"(max-width: 680px) 100vw, 680px\" \/><\/p>\n<p><a href=\"http:\/\/sp5siemianowice.pl\/wp-content\/uploads\/2026\/01\/regulamin-rekrutacji-2026-2027.pdf\">Regulamin rekrutacji <\/a>na rok szkolny 2026\/2027<\/p>\n<p><a href=\"http:\/\/sp5siemianowice.pl\/wp-content\/uploads\/2026\/01\/zalacznik-1-rekrutacja-2026-2027.pdf\">Za\u0142\u0105cznik nr 1 do Regulaminu Zg\u0142oszenie <\/a>(dzieci z rejonu)<\/p>\n<p><a href=\"http:\/\/sp5siemianowice.pl\/wp-content\/uploads\/2026\/01\/zalacznik-2-rekrutacji-2026-2027.pdf\">Za\u0142\u0105cznik nr 2 do Regulaminu Wniosek <\/a>(dzieci spoza rejonu)<\/p>\n<p><a href=\"http:\/\/sp5siemianowice.pl\/wp-content\/uploads\/2026\/01\/zalacznik-3-rekrutacji-2026-2027.pdf\">Za\u0142\u0105cznik nr 3 O\u015bwiadczenie <\/a>(dzieci spoza rejonu)<\/p>\n<p><a href=\"http:\/\/sp5siemianowice.pl\/wp-content\/uploads\/2026\/01\/zalacznik-4-rekrutacji-2026-2027-1.pdf\">Za\u0142\u0105cznik nr 4 O\u015bwiadczenie woli <\/a>(dla dzieci spoza rejonu do wype\u0142nienia po wynikach rekrutacji tylko przez rodzic\u00f3w dzieci przyj\u0119tych do szko\u0142y)<\/p>\n<p><img decoding=\"async\" class=\"aligncenter size-full wp-image-6521\" src=\"http:\/\/sp5siemianowice.pl\/wp-content\/uploads\/2024\/05\/wyprawka-szkolna.png\" alt=\"\" width=\"940\" height=\"788\" srcset=\"https:\/\/sp5siemianowice.pl\/wp-content\/uploads\/2024\/05\/wyprawka-szkolna.png 940w, https:\/\/sp5siemianowice.pl\/wp-content\/uploads\/2024\/05\/wyprawka-szkolna-300x251.png 300w, https:\/\/sp5siemianowice.pl\/wp-content\/uploads\/2024\/05\/wyprawka-szkolna-768x644.png 768w\" sizes=\"(max-width: 940px) 100vw, 940px\" \/><\/p>\n<p>&nbsp;<\/p>\n<p style=\"text-align: left;\">\n","protected":false},"excerpt":{"rendered":"<p>Regulamin rekrutacji na rok szkolny 2026\/2027 Za\u0142\u0105cznik nr 1 do Regulaminu Zg\u0142oszenie (dzieci z rejonu) Za\u0142\u0105cznik nr 2 do Regulaminu Wniosek (dzieci spoza rejonu) Za\u0142\u0105cznik nr 3 O\u015bwiadczenie (dzieci spoza rejonu) Za\u0142\u0105cznik nr 4 O\u015bwiadczenie woli (dla dzieci spoza rejonu [&hellip;]<\/p>\n","protected":false},"author":1,"featured_media":0,"parent":0,"menu_order":0,"comment_status":"closed","ping_status":"closed","template":"","meta":{"footnotes":""},"class_list":["post-22","page","type-page","status-publish","hentry"],"_links":{"self":[{"href":"https:\/\/sp5siemianowice.pl\/index.php?rest_route=\/wp\/v2\/pages\/22","targetHints":{"allow":["GET"]}}],"collection":[{"href":"https:\/\/sp5siemianowice.pl\/index.php?rest_route=\/wp\/v2\/pages"}],"about":[{"href":"https:\/\/sp5siemianowice.pl\/index.php?rest_route=\/wp\/v2\/types\/page"}],"author":[{"embeddable":true,"href":"https:\/\/sp5siemianowice.pl\/index.php?rest_route=\/wp\/v2\/users\/1"}],"replies":[{"embeddable":true,"href":"https:\/\/sp5siemianowice.pl\/index.php?rest_route=%2Fwp%2Fv2%2Fcomments&post=22"}],"version-history":[{"count":60,"href":"https:\/\/sp5siemianowice.pl\/index.php?rest_route=\/wp\/v2\/pages\/22\/revisions"}],"predecessor-version":[{"id":9615,"href":"https:\/\/sp5siemianowice.pl\/index.php?rest_route=\/wp\/v2\/pages\/22\/revisions\/9615"}],"wp:attachment":[{"href":"https:\/\/sp5siemianowice.pl\/index.php?rest_route=%2Fwp%2Fv2%2Fmedia&parent=22"}],"curies":[{"name":"wp","href":"https:\/\/api.w.org\/{rel}","templated":true}]}}