{"id":27,"date":"2020-08-23T19:43:43","date_gmt":"2020-08-23T17:43:43","guid":{"rendered":"http:\/\/sp5siemianowice.pl\/?page_id=27"},"modified":"2025-03-08T15:26:51","modified_gmt":"2025-03-08T14:26:51","slug":"rys-historyczny-szkoly","status":"publish","type":"page","link":"https:\/\/sp5siemianowice.pl\/?page_id=27","title":{"rendered":"Rys historyczny szko\u0142y"},"content":{"rendered":"<p><img fetchpriority=\"high\" decoding=\"async\" class=\"aligncenter size-large wp-image-8268\" src=\"http:\/\/sp5siemianowice.pl\/wp-content\/uploads\/2025\/03\/rys-historyczny-1024x228.png\" alt=\"\" width=\"680\" height=\"151\" srcset=\"https:\/\/sp5siemianowice.pl\/wp-content\/uploads\/2025\/03\/rys-historyczny-1024x228.png 1024w, https:\/\/sp5siemianowice.pl\/wp-content\/uploads\/2025\/03\/rys-historyczny-300x67.png 300w, https:\/\/sp5siemianowice.pl\/wp-content\/uploads\/2025\/03\/rys-historyczny-768x171.png 768w, https:\/\/sp5siemianowice.pl\/wp-content\/uploads\/2025\/03\/rys-historyczny.png 1502w\" sizes=\"(max-width: 680px) 100vw, 680px\" \/><\/p>\r\n<p>&nbsp;<\/p>\r\n\r\n<div class=\"wp-block-image\">\r\n<figure class=\"aligncenter\"><img decoding=\"async\" class=\"aligncenter\" src=\"http:\/\/sp5siemianowice.pl\/old\/images\/rys.jpg\" alt=\"\" \/><\/figure>\r\n<p>1883 r. &#8211; budowa szko\u0142y<\/p>\r\n<p>01.10.1884 &#8211; oddanie budynku szkolnego do u\u017cytku<\/p>\r\n<p>1963\/64 &#8211; rozbudowa szko\u0142y (sala gimnastyczna wraz z szatniami i sanitariatami, pomieszczenie na bibliotek\u0119, pok\u00f3j nauczycielski, gabinet pomocy naukowych)<\/p>\r\n<p>04.09.1967 &#8211; przeniesienie Ogniska Muzycznego ze Szko\u0142y Podstawowej nr 7 do Szko\u0142y Podstawowej nr 5<\/p>\r\n<p>1966\/67 &#8211; oddanie do u\u017cytku boiska szkolnego<\/p>\r\n<p>2003\/04 &#8211; remont szko\u0142y, adaptacja mieszka\u0144 lokatorskich na bibliotek\u0119, \u015bwietlic\u0119 szkoln\u0105, gabinet pedagoga<\/p>\r\n<p>01.09.2004 &#8211; przy\u0142\u0105czenie Szko\u0142y Podstawowej nr 7 ze Szko\u0142\u0105 Podstawow\u0105 nr 5<\/p>\r\n<p>04.09.2015 &#8211; oddanie do u\u017cytku \u015brodowiskowego boiska wielofunkcyjnego<\/p>\r\n<\/div>","protected":false},"excerpt":{"rendered":"<p>&nbsp;<\/p>\n","protected":false},"author":1,"featured_media":0,"parent":0,"menu_order":0,"comment_status":"closed","ping_status":"closed","template":"","meta":{"footnotes":""},"class_list":["post-27","page","type-page","status-publish","hentry"],"_links":{"self":[{"href":"https:\/\/sp5siemianowice.pl\/index.php?rest_route=\/wp\/v2\/pages\/27","targetHints":{"allow":["GET"]}}],"collection":[{"href":"https:\/\/sp5siemianowice.pl\/index.php?rest_route=\/wp\/v2\/pages"}],"about":[{"href":"https:\/\/sp5siemianowice.pl\/index.php?rest_route=\/wp\/v2\/types\/page"}],"author":[{"embeddable":true,"href":"https:\/\/sp5siemianowice.pl\/index.php?rest_route=\/wp\/v2\/users\/1"}],"replies":[{"embeddable":true,"href":"https:\/\/sp5siemianowice.pl\/index.php?rest_route=%2Fwp%2Fv2%2Fcomments&post=27"}],"version-history":[{"count":7,"href":"https:\/\/sp5siemianowice.pl\/index.php?rest_route=\/wp\/v2\/pages\/27\/revisions"}],"predecessor-version":[{"id":8284,"href":"https:\/\/sp5siemianowice.pl\/index.php?rest_route=\/wp\/v2\/pages\/27\/revisions\/8284"}],"wp:attachment":[{"href":"https:\/\/sp5siemianowice.pl\/index.php?rest_route=%2Fwp%2Fv2%2Fmedia&parent=27"}],"curies":[{"name":"wp","href":"https:\/\/api.w.org\/{rel}","templated":true}]}}