{"id":29,"date":"2020-08-23T19:44:26","date_gmt":"2020-08-23T17:44:26","guid":{"rendered":"http:\/\/sp5siemianowice.pl\/?page_id=29"},"modified":"2025-03-08T15:24:50","modified_gmt":"2025-03-08T14:24:50","slug":"adam-mickiewicz-patron-naszej-szkoly","status":"publish","type":"page","link":"https:\/\/sp5siemianowice.pl\/?page_id=29","title":{"rendered":"Adam Mickiewicz &#8211; patron naszej szko\u0142y"},"content":{"rendered":"<p><img fetchpriority=\"high\" decoding=\"async\" class=\"aligncenter size-large wp-image-8266\" src=\"http:\/\/sp5siemianowice.pl\/wp-content\/uploads\/2025\/03\/Mickiewicz-1024x228.png\" alt=\"\" width=\"680\" height=\"151\" srcset=\"https:\/\/sp5siemianowice.pl\/wp-content\/uploads\/2025\/03\/Mickiewicz-1024x228.png 1024w, https:\/\/sp5siemianowice.pl\/wp-content\/uploads\/2025\/03\/Mickiewicz-300x67.png 300w, https:\/\/sp5siemianowice.pl\/wp-content\/uploads\/2025\/03\/Mickiewicz-768x171.png 768w, https:\/\/sp5siemianowice.pl\/wp-content\/uploads\/2025\/03\/Mickiewicz.png 1502w\" sizes=\"(max-width: 680px) 100vw, 680px\" \/><\/p>\r\n<p>&nbsp;<\/p>\r\n\r\n<div class=\"wp-block-image is-style-default\">\r\n<figure class=\"aligncenter\"><img decoding=\"async\" src=\"http:\/\/sp5siemianowice.pl\/old\/images\/mickiewicz.jpg\" alt=\"\" \/><\/figure>\r\n<\/div>\r\n\r\n\r\n\r\n<p>Najwybitniejszy tw\u00f3rca romantyczny, poeta, publicysta, dzia\u0142acz polityczny, wizjoner. Urodzony 24 grudnia 1798, zmar\u0142 26 listopada 1855.<\/p>\r\n<p>Urodzi\u0142 si\u0119 w Nowogr\u00f3dku na Litwie i zawsze Litw\u0119 uwa\u017ca\u0142 za swoj\u0105 ojczyzn\u0119. Studiowa\u0142 w\u00a0Uniwersytecie Wile\u0144skim, potem uczy\u0142 w szkole powiatowej w Kownie.<\/p>\r\n<p>By\u0142 jednym z za\u0142o\u017cycieli i aktywnym dzia\u0142aczem tajnego patriotycznego Towarzystwa Filomat\u00f3w, za co zosta\u0142 aresztowany wraz z grup\u0105 przyjaci\u00f3\u0142 i uwi\u0119ziony w klasztorze Bazylian\u00f3w w Wilnie (1823-1824). Lata 1824-1829 sp\u0119dzi\u0142 w centralnej Rosji, w Odessie, Moskwie i Petersburgu, gdzie wszed\u0142 w \u015brodowisko elity post\u0119powej inteligencji rosyjskiej. W\u00a01829 wyjecha\u0142 w podr\u00f3\u017c po Europie.<\/p>\r\n<p>Zwiedza\u0142 Niemcy, Szwajcari\u0119 i W\u0142ochy, w Berlinie s\u0142ucha\u0142 wyk\u0142ad\u00f3w Hegla. Nawi\u0105za\u0142 liczne kontakty w mi\u0119dzynarodowym \u015brodowisku artystycznym. Po wybuchu powstania listopadowego w 1830 bezskutecznie usi\u0142owa\u0142 wr\u00f3ci\u0107 do kraju. Od 1832 mieszka\u0142 w Pary\u017cu, z\u00a0przerw\u0105 na pobyt w Lozannie (1839), gdzie wyk\u0142ada\u0142 literatur\u0119 \u0142aci\u0144sk\u0105, oraz w Rzymie (1848), gdzie pr\u00f3bowa\u0142 uzyska\u0107 poparcie papie\u017ca Piusa IX dla ruch\u00f3w wolno\u015bciowych tzw. Wiosny Lud\u00f3w.<\/p>\r\n<p>\u017bycie poety w Pary\u017cu by\u0142o trudne. Brakowa\u0142o mu sta\u0142ych \u017ar\u00f3de\u0142 dochod\u00f3w. \u015arodowisko emigracyjne rozsadza\u0142y spory polityczne. Przez pewien czas Mickiewicz uczestniczy\u0142 w \u017cyciu publicznym, wsp\u00f3\u0142pracowa\u0142 m.in. z Towarzystwem Literackim i Towarzystwem Narodowym Polskim. W 1833 by\u0142 redaktorem i publicyst\u0105 &#8222;Pielgrzyma Polskiego&#8221;. Przyja\u017ani\u0142 si\u0119 m.in. z\u00a0ks. H. de Lamennais, Ch. de Montalembertem, G. Sand.<\/p>\r\n<p>W 1834 o\u017ceni\u0142 si\u0119 z Celin\u0105 Szymanowsk\u0105, co pog\u0142\u0119bi\u0142o jego k\u0142opoty \u017cyciowe: urodzi\u0142o si\u0119 sze\u015bcioro dzieci, a \u017cona zapad\u0142a na chorob\u0119 umys\u0142ow\u0105. Mickiewicz odsun\u0105\u0142 si\u0119 od dzia\u0142alno\u015bci publicznej a\u017c do roku 1840, kiedy to obj\u0105\u0142 nowo powsta\u0142\u0105 katedr\u0119 literatur s\u0142owia\u0144skich w\u00a0College de France.<\/p>\r\n<p>Wraz z J. Micheletem i E. Quinnetem stanowili w College opozycj\u0119 demokratyczn\u0105 wobec monarchii lipcowej. W 1841 poeta zwi\u0105za\u0142 si\u0119 z ko\u0142em Towia\u0144skiego, przyw\u00f3dcy sekty g\u0142osz\u0105cej nowe objawienie i odrodzenie \u017cycia duchowego (takich religijnych sekt by\u0142o w\u00f3wczas we Francji kilkadziesi\u0105t). Propaganda towianizmu, a jeszcze bardziej &#8211; radykalne pogl\u0105dy polityczne i spo\u0142eczne by\u0142y przyczyn\u0105 zawieszenia go w funkcji profesora. Napisa\u0142 mi\u0119dzy innymi: &#8222;Od\u0119 do m\u0142odo\u015bci&#8221;, &#8222;Dziady&#8221;, &#8222;Sonety krymskie&#8221;, &#8222;Pan Tadeusz&#8221;.<\/p>\r\n","protected":false},"excerpt":{"rendered":"<p>&nbsp; Najwybitniejszy tw\u00f3rca romantyczny, poeta, publicysta, dzia\u0142acz polityczny, wizjoner. Urodzony 24 grudnia 1798, zmar\u0142 26 listopada 1855. Urodzi\u0142 si\u0119 w Nowogr\u00f3dku na Litwie i zawsze Litw\u0119 uwa\u017ca\u0142 za swoj\u0105 ojczyzn\u0119. Studiowa\u0142 w\u00a0Uniwersytecie Wile\u0144skim, potem uczy\u0142 w szkole powiatowej w Kownie. [&hellip;]<\/p>\n","protected":false},"author":1,"featured_media":0,"parent":0,"menu_order":0,"comment_status":"closed","ping_status":"closed","template":"","meta":{"footnotes":""},"class_list":["post-29","page","type-page","status-publish","hentry"],"_links":{"self":[{"href":"https:\/\/sp5siemianowice.pl\/index.php?rest_route=\/wp\/v2\/pages\/29","targetHints":{"allow":["GET"]}}],"collection":[{"href":"https:\/\/sp5siemianowice.pl\/index.php?rest_route=\/wp\/v2\/pages"}],"about":[{"href":"https:\/\/sp5siemianowice.pl\/index.php?rest_route=\/wp\/v2\/types\/page"}],"author":[{"embeddable":true,"href":"https:\/\/sp5siemianowice.pl\/index.php?rest_route=\/wp\/v2\/users\/1"}],"replies":[{"embeddable":true,"href":"https:\/\/sp5siemianowice.pl\/index.php?rest_route=%2Fwp%2Fv2%2Fcomments&post=29"}],"version-history":[{"count":4,"href":"https:\/\/sp5siemianowice.pl\/index.php?rest_route=\/wp\/v2\/pages\/29\/revisions"}],"predecessor-version":[{"id":8280,"href":"https:\/\/sp5siemianowice.pl\/index.php?rest_route=\/wp\/v2\/pages\/29\/revisions\/8280"}],"wp:attachment":[{"href":"https:\/\/sp5siemianowice.pl\/index.php?rest_route=%2Fwp%2Fv2%2Fmedia&parent=29"}],"curies":[{"name":"wp","href":"https:\/\/api.w.org\/{rel}","templated":true}]}}