{"id":31,"date":"2020-08-23T19:49:12","date_gmt":"2020-08-23T17:49:12","guid":{"rendered":"http:\/\/sp5siemianowice.pl\/?page_id=31"},"modified":"2025-04-08T08:59:42","modified_gmt":"2025-04-08T06:59:42","slug":"kontakt","status":"publish","type":"page","link":"https:\/\/sp5siemianowice.pl\/?page_id=31","title":{"rendered":"Kontakt"},"content":{"rendered":"\r\n<p><img fetchpriority=\"high\" decoding=\"async\" class=\"aligncenter size-large wp-image-8195\" src=\"http:\/\/sp5siemianowice.pl\/wp-content\/uploads\/2025\/03\/kontakt-1024x228.png\" alt=\"\" width=\"680\" height=\"151\" srcset=\"https:\/\/sp5siemianowice.pl\/wp-content\/uploads\/2025\/03\/kontakt-1024x228.png 1024w, https:\/\/sp5siemianowice.pl\/wp-content\/uploads\/2025\/03\/kontakt-300x67.png 300w, https:\/\/sp5siemianowice.pl\/wp-content\/uploads\/2025\/03\/kontakt-768x171.png 768w, https:\/\/sp5siemianowice.pl\/wp-content\/uploads\/2025\/03\/kontakt.png 1501w\" sizes=\"(max-width: 680px) 100vw, 680px\" \/><\/p>\r\n<p><strong>Szko\u0142a Podstawowa nr 5 im. Adama Mickiewicza<\/strong><\/p>\r\n\r\n\r\n\r\n<p>ul. Micha\u0142kowicka 15<br \/>41-100 Siemianowice \u015al\u0105skie<\/p>\r\n\r\n\r\n\r\n<p>e-mail: sekretariat@sp5siemianowice.pl<\/p>\r\n<p>Adres skrzynki w e-puap: \/SP5Siemianowice\/SkrytkaESP<\/p>\r\n<p>Adres do Edor\u0119cze\u0144: AE:PL-87008-93165-WICCI-31<\/p>\r\n\r\n\r\n\r\n<p><strong>Telefon: 32 220-07-01<br \/>Faks: 32 220-06-99<\/strong><\/p>\r\n\r\n\r\n\r\n<p>Adres internetowy: http:\/\/www.sp5siemianowice.pl<\/p>\r\n\r\n\r\n\r\n<p><iframe style=\"border: 0;\" tabindex=\"0\" src=\"https:\/\/www.google.com\/maps\/embed?pb=!1m14!1m8!1m3!1d10192.50778707203!2d19.022488!3d50.308223!3m2!1i1024!2i768!4f13.1!3m3!1m2!1s0x0%3A0x30786ccff1bd9f1!2sSzko%C5%82a%20Podstawowa%20nr%205%20im.%20A.%20Mickiewicza!5e0!3m2!1spl!2spl!4v1598204876239!5m2!1spl!2spl\" width=\"400\" height=\"400\" frameborder=\"0\" allowfullscreen=\"allowfullscreen\" aria-hidden=\"false\"><\/iframe><\/p>\r\n\r\n\r\n\r\n<p>&nbsp;<\/p>\r\n","protected":false},"excerpt":{"rendered":"<p>Szko\u0142a Podstawowa nr 5 im. Adama Mickiewicza ul. Micha\u0142kowicka 1541-100 Siemianowice \u015al\u0105skie e-mail: sekretariat@sp5siemianowice.pl Adres skrzynki w e-puap: \/SP5Siemianowice\/SkrytkaESP Adres do Edor\u0119cze\u0144: AE:PL-87008-93165-WICCI-31 Telefon: 32 220-07-01Faks: 32 220-06-99 Adres internetowy: http:\/\/www.sp5siemianowice.pl &nbsp;<\/p>\n","protected":false},"author":1,"featured_media":0,"parent":0,"menu_order":0,"comment_status":"closed","ping_status":"closed","template":"","meta":{"footnotes":""},"class_list":["post-31","page","type-page","status-publish","hentry"],"_links":{"self":[{"href":"https:\/\/sp5siemianowice.pl\/index.php?rest_route=\/wp\/v2\/pages\/31","targetHints":{"allow":["GET"]}}],"collection":[{"href":"https:\/\/sp5siemianowice.pl\/index.php?rest_route=\/wp\/v2\/pages"}],"about":[{"href":"https:\/\/sp5siemianowice.pl\/index.php?rest_route=\/wp\/v2\/types\/page"}],"author":[{"embeddable":true,"href":"https:\/\/sp5siemianowice.pl\/index.php?rest_route=\/wp\/v2\/users\/1"}],"replies":[{"embeddable":true,"href":"https:\/\/sp5siemianowice.pl\/index.php?rest_route=%2Fwp%2Fv2%2Fcomments&post=31"}],"version-history":[{"count":11,"href":"https:\/\/sp5siemianowice.pl\/index.php?rest_route=\/wp\/v2\/pages\/31\/revisions"}],"predecessor-version":[{"id":8484,"href":"https:\/\/sp5siemianowice.pl\/index.php?rest_route=\/wp\/v2\/pages\/31\/revisions\/8484"}],"wp:attachment":[{"href":"https:\/\/sp5siemianowice.pl\/index.php?rest_route=%2Fwp%2Fv2%2Fmedia&parent=31"}],"curies":[{"name":"wp","href":"https:\/\/api.w.org\/{rel}","templated":true}]}}