{"id":314,"date":"2020-09-06T20:56:20","date_gmt":"2020-09-06T18:56:20","guid":{"rendered":"http:\/\/sp5siemianowice.pl\/?page_id=314"},"modified":"2026-04-14T19:18:08","modified_gmt":"2026-04-14T17:18:08","slug":"314-2","status":"publish","type":"page","link":"https:\/\/sp5siemianowice.pl\/?page_id=314","title":{"rendered":"Sto\u0142\u00f3wka szkolna"},"content":{"rendered":"<p><img fetchpriority=\"high\" decoding=\"async\" class=\"wp-image-8213 size-large aligncenter\" src=\"http:\/\/sp5siemianowice.pl\/wp-content\/uploads\/2025\/03\/stolowka-szkolna-1024x228.png\" alt=\"\" width=\"680\" height=\"151\" srcset=\"https:\/\/sp5siemianowice.pl\/wp-content\/uploads\/2025\/03\/stolowka-szkolna-1024x228.png 1024w, https:\/\/sp5siemianowice.pl\/wp-content\/uploads\/2025\/03\/stolowka-szkolna-300x67.png 300w, https:\/\/sp5siemianowice.pl\/wp-content\/uploads\/2025\/03\/stolowka-szkolna-768x171.png 768w, https:\/\/sp5siemianowice.pl\/wp-content\/uploads\/2025\/03\/stolowka-szkolna.png 1500w\" sizes=\"(max-width: 680px) 100vw, 680px\" \/><\/p>\n<p>Zapraszamy do korzystania z oferty sto\u0142\u00f3wki szkolnej. W celu zapisania si\u0119 na obiady nale\u017cy podpisa\u0107 umow\u0119 \u017cywienia w sekretariacie szko\u0142y.<\/p>\n<p>Koszt obiadu dwudaniowego:<\/p>\n<p>\u2013 uczniowie: 4,95 z\u0142<\/p>\n<p>\u2013 pracownicy szko\u0142y: 8,70 z\u0142<\/p>\n<p>&nbsp;<\/p>\n<p>Op\u0142aty dokonywane s\u0105 wy\u0142\u0105cznie przelewem na konto:<\/p>\n<p><strong>19 1050 1357 1000 0022 2773 2670<\/strong><\/p>\n<p>(w tytule przelewu podajemy: imi\u0119 i nazwisko dziecka, klasa)<\/p>\n<p>&nbsp;<\/p>\n<p>Obiady wydawane s\u0105 na przerwach obiadowych:<\/p>\n<p>\u2013 godz. 12:25-12:45 \u2013 klasy I-III<\/p>\n<p>\u2013 godz. 13:30-13:45 \u2013 klasy IV-VIII<\/p>\n<p>&nbsp;<\/p>\n<p>Op\u0142ata za obiady w maju 2026r. wynosi:<\/p>\n<p>\u2013 uczniowie: 17 dni x 4,95 z\u0142 = 84,15 z\u0142<\/p>\n<p>\u2013 pracownicy szko\u0142y: 17 dni x 8,70 z\u0142 = 147,90 z\u0142<\/p>\n<p>Termin p\u0142atno\u015bci do <strong>20 kwietnia 2026 r.<\/strong><\/p>\n<p><img decoding=\"async\" class=\"aligncenter size-full wp-image-10119\" src=\"http:\/\/sp5siemianowice.pl\/wp-content\/uploads\/2026\/04\/jad13.jpg\" alt=\"\" width=\"899\" height=\"616\" srcset=\"https:\/\/sp5siemianowice.pl\/wp-content\/uploads\/2026\/04\/jad13.jpg 899w, https:\/\/sp5siemianowice.pl\/wp-content\/uploads\/2026\/04\/jad13-300x206.jpg 300w, https:\/\/sp5siemianowice.pl\/wp-content\/uploads\/2026\/04\/jad13-768x526.jpg 768w\" sizes=\"(max-width: 899px) 100vw, 899px\" \/><\/p>\n<p>&nbsp;<\/p>\n<p>&nbsp;<\/p>\n<p>&nbsp;<\/p>\n","protected":false},"excerpt":{"rendered":"<p>Zapraszamy do korzystania z oferty sto\u0142\u00f3wki szkolnej. W celu zapisania si\u0119 na obiady nale\u017cy podpisa\u0107 umow\u0119 \u017cywienia w sekretariacie szko\u0142y. Koszt obiadu dwudaniowego: \u2013 uczniowie: 4,95 z\u0142 \u2013 pracownicy szko\u0142y: 8,70 z\u0142 &nbsp; Op\u0142aty dokonywane s\u0105 wy\u0142\u0105cznie przelewem na konto: [&hellip;]<\/p>\n","protected":false},"author":1,"featured_media":0,"parent":0,"menu_order":0,"comment_status":"closed","ping_status":"closed","template":"","meta":{"footnotes":""},"class_list":["post-314","page","type-page","status-publish","hentry"],"_links":{"self":[{"href":"https:\/\/sp5siemianowice.pl\/index.php?rest_route=\/wp\/v2\/pages\/314","targetHints":{"allow":["GET"]}}],"collection":[{"href":"https:\/\/sp5siemianowice.pl\/index.php?rest_route=\/wp\/v2\/pages"}],"about":[{"href":"https:\/\/sp5siemianowice.pl\/index.php?rest_route=\/wp\/v2\/types\/page"}],"author":[{"embeddable":true,"href":"https:\/\/sp5siemianowice.pl\/index.php?rest_route=\/wp\/v2\/users\/1"}],"replies":[{"embeddable":true,"href":"https:\/\/sp5siemianowice.pl\/index.php?rest_route=%2Fwp%2Fv2%2Fcomments&post=314"}],"version-history":[{"count":262,"href":"https:\/\/sp5siemianowice.pl\/index.php?rest_route=\/wp\/v2\/pages\/314\/revisions"}],"predecessor-version":[{"id":775,"href":"https:\/\/sp5siemianowice.pl\/index.php?rest_route=\/wp\/v2\/pages\/314\/revisions\/775"}],"wp:attachment":[{"href":"https:\/\/sp5siemianowice.pl\/index.php?rest_route=%2Fwp%2Fv2%2Fmedia&parent=314"}],"curies":[{"name":"wp","href":"https:\/\/api.w.org\/{rel}","templated":true}]}}