{"id":4435,"date":"2023-03-29T09:17:56","date_gmt":"2023-03-29T07:17:56","guid":{"rendered":"http:\/\/sp5siemianowice.pl\/?page_id=4435"},"modified":"2025-03-04T17:12:23","modified_gmt":"2025-03-04T16:12:23","slug":"deklaracja-dostepnosci","status":"publish","type":"page","link":"https:\/\/sp5siemianowice.pl\/?page_id=4435","title":{"rendered":"Deklaracja Dost\u0119pno\u015bci"},"content":{"rendered":"<p><img fetchpriority=\"high\" decoding=\"async\" class=\"aligncenter size-large wp-image-8186\" src=\"http:\/\/sp5siemianowice.pl\/wp-content\/uploads\/2025\/03\/deklaracja-dostepnosci-1024x228.png\" alt=\"\" width=\"680\" height=\"151\" srcset=\"https:\/\/sp5siemianowice.pl\/wp-content\/uploads\/2025\/03\/deklaracja-dostepnosci-1024x228.png 1024w, https:\/\/sp5siemianowice.pl\/wp-content\/uploads\/2025\/03\/deklaracja-dostepnosci-300x67.png 300w, https:\/\/sp5siemianowice.pl\/wp-content\/uploads\/2025\/03\/deklaracja-dostepnosci-768x171.png 768w, https:\/\/sp5siemianowice.pl\/wp-content\/uploads\/2025\/03\/deklaracja-dostepnosci.png 1501w\" sizes=\"(max-width: 680px) 100vw, 680px\" \/><\/p>\n<p>Szko\u0142a Podstawowa nr 5 im. Adama Mickiewicza w Siemianowicach \u015al\u0105skich zapewnia dost\u0119pno\u015b\u0107 swojej strony internetowej zgodnie z przepisami ustawy z dnia 4 kwietnia 2019 r. o dost\u0119pno\u015bci cyfrowej stron internetowych i aplikacji mobilnych podmiot\u00f3w publicznych. O\u015bwiadczenie w sprawie dost\u0119pno\u015bci ma zastosowanie do strony internetowej sp5siemianowice.pl.<\/p>\n<p>Data publikacji strony internetowej: 2020-07-17<\/p>\n<p>Data ostatniej istotnej aktualizacji: 2023-03-29<\/p>\n<p>STATUS POD WZGL\u0118DEM ZGODNO\u015aCI Z USTAW\u0104:<\/p>\n<p>Strona internetowa jest cz\u0119\u015bciowo zgodna z ustaw\u0105 z dnia 4 kwietnia 2019 r. o dost\u0119pno\u015bci cyfrowej stron internetowych i aplikacji mobilnych podmiot\u00f3w publicznych z powodu niezgodno\u015bci lub wy\u0142\u0105cze\u0144 wymienionych poni\u017cej:<\/p>\n<p>&#8211; filmy kt\u00f3re zosta\u0142y zamieszczone na stronie www nie posiadaj\u0105 napis\u00f3w dla os\u00f3b g\u0142uchych<\/p>\n<p>&#8211; znale\u017a\u0107 mo\u017cna linki prowadz\u0105ce do dokument\u00f3w do pobrania, kt\u00f3re nie zawieraj\u0105 informacji o ich formacie oraz rozmiarze<\/p>\n<p>&#8211; s\u0105 elementy nietekstowe, kt\u00f3re nie maj\u0105 przypisanego, b\u0105d\u017a poprawnie sformu\u0142owanego atrybutu alt<\/p>\n<p>&#8211; zdarzaj\u0105 si\u0119 przypadki akronim\u00f3w i skr\u00f3t\u00f3w, kt\u00f3re nie musz\u0105 by\u0107 zrozumia\u0142e dla wszystkich<\/p>\n<p>&#8211; zamieszczone informacje w postaci za\u0142\u0105cznik\u00f3w mog\u0105 by\u0107 cz\u0119\u015bciowo przygotowane w postaci skan\u00f3w<\/p>\n<p>&#8211; pliki d\u017awi\u0119kowe nie s\u0105 uzupe\u0142nione o\u00a0transkrypcj\u0119 tekstow\u0105<\/p>\n<p>O\u015bwiadczenie sporz\u0105dzono dnia 29.03.2023 r.<\/p>\n<p>Deklaracj\u0119 sporz\u0105dzono na podstawie samooceny przeprowadzonej przez podmiot publiczny.<\/p>\n<p>INFORMACJE ZWROTNE I DANE KONTAKTOWE:<\/p>\n<p>Za wszystkie kwestie zwi\u0105zane z dost\u0119pno\u015bci\u0105 cyfrow\u0105 i udost\u0119pnianiem tre\u015bci z tej strony internetowej odpowiada Dyrektor Szko\u0142y Marcin Lazar<\/p>\n<p>Kontakt mailowy: sekretariat@sp5siemianowice.pl<\/p>\n<p>W przypadku problem\u00f3w z dost\u0119pno\u015bci\u0105 strony internetowej prosimy o kontaktowanie si\u0119<\/p>\n<p>z w\/w osob\u0105 lub skontaktowa\u0107 si\u0119 z sekretariatem drog\u0105 elektroniczn\u0105:sekretariat@sp5siemianowice.pl lub pod numerem telefonu: 32 220 07 01<\/p>\n<p>Obs\u0142uga skarg i wniosk\u00f3w zwi\u0105zanych z dost\u0119pno\u015bci\u0105<\/p>\n<p>Ka\u017cdy ma prawo:<\/p>\n<p>&#8211; zg\u0142osi\u0107 uwagi dotycz\u0105ce dost\u0119pno\u015bci cyfrowej strony lub jej elementu,<\/p>\n<p>&#8211; zg\u0142osi\u0107 \u017c\u0105danie zapewnienia dost\u0119pno\u015bci cyfrowej strony lub jej elementu,<\/p>\n<p>&#8211; wnioskowa\u0107 o udost\u0119pnienie niedost\u0119pnej informacji w innej alternatywnej formie.<\/p>\n<p>\u017b\u0105danie musi zawiera\u0107:<\/p>\n<p>&#8211; dane kontaktowe osoby zg\u0142aszaj\u0105cej,<\/p>\n<p>&#8211; wskazanie strony lub elementu strony, kt\u00f3rej dotyczy \u017c\u0105danie,<\/p>\n<p>&#8211; wskazanie dogodnej formy udost\u0119pnienia informacji, je\u015bli \u017c\u0105danie dotyczy udost\u0119pnienia w formie alternatywnej informacji niedost\u0119pnej.<\/p>\n<p>Rozpatrzenie zg\u0142oszenia powinno nast\u0105pi\u0107 niezw\u0142ocznie, najp\u00f3\u017aniej w ci\u0105gu 7 dni. Je\u015bli w tym terminie zapewnienie dost\u0119pno\u015bci albo zapewnienie dost\u0119pu w alternatywnej formie nie jest mo\u017cliwe, powinno nast\u0105pi\u0107 najdalej w ci\u0105gu 2 miesi\u0119cy od daty zg\u0142oszenia.<\/p>\n<p>Je\u017celi nie b\u0119dziemy w stanie zapewni\u0107 dost\u0119pno\u015bci cyfrowej strony internetowej lub tre\u015bci zaproponujemy dost\u0119p do nich w spos\u00f3b alternatywny.<\/p>\n<p>W przypadku odmowy realizacji \u017c\u0105dania zapewnienia dost\u0119pno\u015bci lub zapewnienia alternatywnego sposobu dost\u0119pu do informacji, mo\u017cna z\u0142o\u017cy\u0107 skarg\u0119.<\/p>\n<p>Skargi i odwo\u0142ania mo\u017cna zg\u0142asza\u0107 do\u00a0Dyrektora Szko\u0142y za po\u015brednictwem sekretariatu.<\/p>\n<p>W przypadku dalszych uwag do naszych dzia\u0142a\u0144 zwi\u0105zanych z dost\u0119pno\u015bci\u0105 cyfrow\u0105, mo\u017cna zg\u0142osi\u0107 je do Rzecznika Praw Obywatelskich: <a href=\"http:\/\/www.rpo.gov.pl\/\">www.rpo.gov.pl<\/a><\/p>\n<p>DOST\u0118PNO\u015a\u0106 ARCHITEKTONICZNA:<\/p>\n<p>Szko\u0142a Podstawowa nr 5 im. Adama Mickiewicza w Siemianowicach \u015al\u0105skich posiada budynek przy ul. Micha\u0142kowickiej 5, w kt\u00f3rych obs\u0142uguje interesant\u00f3w. Budynek jest 2 kondygnacyjny.<\/p>\n<p>W budynku brak wind oraz podjazd\u00f3w dla w\u00f3zk\u00f3w inwalidzkich. Brak oznacze\u0144 napisanych w alfabecie Braille\u2019a oraz p\u0119tli indukcyjnych. Brak toalet dla os\u00f3b niepe\u0142nosprawnych. Poziome i pionowe przestrzenie komunikacyjne obu budynk\u00f3w nie umo\u017cliwiaj\u0105 osobom ze szczeg\u00f3lnymi potrzebami dotarcia do wszystkich pomieszcze\u0144.<\/p>\n<p>Przed budynkami brak miejsc parkingowych dla os\u00f3b niepe\u0142nosprawnych.<\/p>\n<p>Podmiot dopuszcza wej\u015bcie z psem asystuj\u0105cym oraz z psem przewodnikiem.<\/p>\n<p>Podmiot nie posiada systemu d\u017awi\u0119kowego naprowadzaj\u0105cego osoby niewidome<\/p>\n<p>i s\u0142abowidz\u0105ce. Nie ma r\u00f3wnie\u017c mo\u017cliwo\u015bci skorzystania z t\u0142umacza j\u0119zyka migowego. Pracownicy administracji i obs\u0142ugi Szko\u0142y, s\u0142u\u017c\u0105 pomoc\u0105 osobom ze specjalnymi potrzebami.<\/p>\n<p>APLIKACJE MOBILNE<\/p>\n<p>Jednostka nie posiada aplikacji mobilnej<\/p>\n","protected":false},"excerpt":{"rendered":"<p>Szko\u0142a Podstawowa nr 5 im. Adama Mickiewicza w Siemianowicach \u015al\u0105skich zapewnia dost\u0119pno\u015b\u0107 swojej strony internetowej zgodnie z przepisami ustawy z dnia 4 kwietnia 2019 r. o dost\u0119pno\u015bci cyfrowej stron internetowych i aplikacji mobilnych podmiot\u00f3w publicznych. O\u015bwiadczenie w sprawie dost\u0119pno\u015bci ma [&hellip;]<\/p>\n","protected":false},"author":1,"featured_media":0,"parent":0,"menu_order":0,"comment_status":"closed","ping_status":"closed","template":"","meta":{"footnotes":""},"class_list":["post-4435","page","type-page","status-publish","hentry"],"_links":{"self":[{"href":"https:\/\/sp5siemianowice.pl\/index.php?rest_route=\/wp\/v2\/pages\/4435","targetHints":{"allow":["GET"]}}],"collection":[{"href":"https:\/\/sp5siemianowice.pl\/index.php?rest_route=\/wp\/v2\/pages"}],"about":[{"href":"https:\/\/sp5siemianowice.pl\/index.php?rest_route=\/wp\/v2\/types\/page"}],"author":[{"embeddable":true,"href":"https:\/\/sp5siemianowice.pl\/index.php?rest_route=\/wp\/v2\/users\/1"}],"replies":[{"embeddable":true,"href":"https:\/\/sp5siemianowice.pl\/index.php?rest_route=%2Fwp%2Fv2%2Fcomments&post=4435"}],"version-history":[{"count":8,"href":"https:\/\/sp5siemianowice.pl\/index.php?rest_route=\/wp\/v2\/pages\/4435\/revisions"}],"predecessor-version":[{"id":8230,"href":"https:\/\/sp5siemianowice.pl\/index.php?rest_route=\/wp\/v2\/pages\/4435\/revisions\/8230"}],"wp:attachment":[{"href":"https:\/\/sp5siemianowice.pl\/index.php?rest_route=%2Fwp%2Fv2%2Fmedia&parent=4435"}],"curies":[{"name":"wp","href":"https:\/\/api.w.org\/{rel}","templated":true}]}}