{"id":6617,"date":"2024-05-20T21:07:06","date_gmt":"2024-05-20T19:07:06","guid":{"rendered":"https:\/\/sp5siemianowice.pl\/?page_id=6617"},"modified":"2024-05-21T15:27:42","modified_gmt":"2024-05-21T13:27:42","slug":"konkurs-matematyczny-youtuber","status":"publish","type":"page","link":"https:\/\/sp5siemianowice.pl\/?page_id=6617","title":{"rendered":"Konkurs Matematyczny Youtuber"},"content":{"rendered":"<p>Konkurs \u201eMatematyczny Youtuber\u201d jest indywidualnym konkursem matematycznym dla uczni\u00f3w klas IV-VIII szk\u00f3\u0142 podstawowych miasta Siemianowice \u015al\u0105skie. Tematem jest przedstawienie ciekawych zagadnie\u0144 matematycznych z perspektywy ucznia. Udzia\u0142 w konkursie b\u0119dzie wymaga\u0142 od uczestnik\u00f3w kreatywnego my\u015blenia oraz innowacyjnego podej\u015bcia do sposobu t\u0142umaczenia ciekawych zagadnie\u0144 matematycznych.<\/p>\n<h2><a href=\"https:\/\/sp5siemianowice.pl\/?page_id=6620\">2021<\/a><\/h2>\n<h2><a href=\"https:\/\/sp5siemianowice.pl\/?page_id=6624\">2022<\/a><\/h2>\n<h2><a href=\"https:\/\/sp5siemianowice.pl\/?page_id=6628\">2023<\/a><\/h2>\n<h2><a href=\"https:\/\/sp5siemianowice.pl\/?page_id=6632\">2024<\/a><\/h2>\n","protected":false},"excerpt":{"rendered":"<p>Konkurs \u201eMatematyczny Youtuber\u201d jest indywidualnym konkursem matematycznym dla uczni\u00f3w klas IV-VIII szk\u00f3\u0142 podstawowych miasta Siemianowice \u015al\u0105skie. Tematem jest przedstawienie ciekawych zagadnie\u0144 matematycznych z perspektywy ucznia. Udzia\u0142 w konkursie b\u0119dzie wymaga\u0142 od uczestnik\u00f3w kreatywnego my\u015blenia oraz innowacyjnego podej\u015bcia do sposobu t\u0142umaczenia [&hellip;]<\/p>\n","protected":false},"author":2,"featured_media":0,"parent":0,"menu_order":0,"comment_status":"closed","ping_status":"closed","template":"","meta":{"footnotes":""},"class_list":["post-6617","page","type-page","status-publish","hentry"],"_links":{"self":[{"href":"https:\/\/sp5siemianowice.pl\/index.php?rest_route=\/wp\/v2\/pages\/6617","targetHints":{"allow":["GET"]}}],"collection":[{"href":"https:\/\/sp5siemianowice.pl\/index.php?rest_route=\/wp\/v2\/pages"}],"about":[{"href":"https:\/\/sp5siemianowice.pl\/index.php?rest_route=\/wp\/v2\/types\/page"}],"author":[{"embeddable":true,"href":"https:\/\/sp5siemianowice.pl\/index.php?rest_route=\/wp\/v2\/users\/2"}],"replies":[{"embeddable":true,"href":"https:\/\/sp5siemianowice.pl\/index.php?rest_route=%2Fwp%2Fv2%2Fcomments&post=6617"}],"version-history":[{"count":8,"href":"https:\/\/sp5siemianowice.pl\/index.php?rest_route=\/wp\/v2\/pages\/6617\/revisions"}],"predecessor-version":[{"id":6641,"href":"https:\/\/sp5siemianowice.pl\/index.php?rest_route=\/wp\/v2\/pages\/6617\/revisions\/6641"}],"wp:attachment":[{"href":"https:\/\/sp5siemianowice.pl\/index.php?rest_route=%2Fwp%2Fv2%2Fmedia&parent=6617"}],"curies":[{"name":"wp","href":"https:\/\/api.w.org\/{rel}","templated":true}]}}