{"id":67,"date":"2020-08-23T20:42:53","date_gmt":"2020-08-23T18:42:53","guid":{"rendered":"http:\/\/sp5siemianowice.pl\/?page_id=67"},"modified":"2024-03-18T19:55:04","modified_gmt":"2024-03-18T18:55:04","slug":"sukcesy-uczniow","status":"publish","type":"page","link":"https:\/\/sp5siemianowice.pl\/?page_id=67","title":{"rendered":"Kangur matematyczny"},"content":{"rendered":"<p><strong>Mi\u0119dzynarodowy Konkurs Matematyczny &#8222;Kangur&#8221;<br \/>\n<\/strong><em>(na tej stronie znajdziesz testy i odpowiedzi z poprzednich lat)<\/em><\/p>\n<p>Jest to konkurs matematyczny adresowany do uczni\u00f3w szk\u00f3\u0142 podstawowych, gimnazjalnych i\u00a0\u015brednich, od klasy drugiej szko\u0142y podstawowej do klas maturalnych w\u00a0liceach i\u00a0technikach na ca\u0142ym \u015bwiecie.<\/p>\n<p>Rozgrywany jest sze\u015bciu kategoriach:<br \/>\n<strong>\u017baczek<\/strong> &#8211; klasy II szk\u00f3\u0142 podstawowych<br \/>\n<strong>Maluch<\/strong><strong>\u00a0<\/strong>&#8211; klasy III i IV szk\u00f3\u0142 podstawowych<br \/>\n<strong>Beniamin<\/strong> &#8211; klasy V i VI szk\u00f3\u0142 podstawowych<br \/>\n<strong>Kadet<\/strong>\u00a0&#8211;\u00a0klasy VII i VIII szk\u00f3\u0142 podstawowych<br \/>\nJunior &#8211;\u00a0klasy I\u00a0lice\u00f3w i\u00a0technik\u00f3w; klasy I, II, III zasadniczych szk\u00f3\u0142 zawodowych<br \/>\nStudent &#8211;\u00a0klasy II i\u00a0III lice\u00f3w; klasy II, III i\u00a0IV technik\u00f3w<\/p>\n<p>Konkurs ma charakter jednorazowego testu. Zadania oraz termin s\u0105 ustalane przez w\u0142adze stowarzyszenia Kangourou Sans Frontie&#8217;res.<\/p>\n<p>W czasie rozwi\u0105zywania testu nie wolno korzysta\u0107 z\u00a0kalkulator\u00f3w!<\/p>\n<p><strong>Kilka s\u0142\u00f3w o\u00a0zadaniach&#8230;.<\/strong><\/p>\n<ul>\n<li>Kategoria <strong>\u201e\u017bACZEK\u201d<\/strong>\u00a0&#8211; 21 zada\u0144 o\u00a0r\u00f3\u017cnym stopniu trudno\u015bci (7\u00a0 zada\u0144 po 3 punkty, 7 zada\u0144 po 4 punkty i\u00a07 zada\u0144 po 5 punkt\u00f3w).\u00a0Ucze\u0144 uczestnicz\u0105cy w\u00a0Konkursie w\u00a0tej kategorii otrzymuje w\u00a0chwili rozpocz\u0119cia Konkursu 21 punkt\u00f3w; maksymalnie mo\u017ce wi\u0119c uzyska\u0107 105 punkt\u00f3w.<\/li>\n<li>Kategoria\u00a0<strong>MALUCH<\/strong> &#8211; 24 zada\u0144\u00a0 o\u00a0r\u00f3\u017cnym stopniu\u00a0 trudno\u015bci (8\u00a0 zada\u0144 po 3 punkty, 8 zada\u0144 po 4 punkty i\u00a08 zada\u0144 po 5 punkt\u00f3w).\u00a0Ucze\u0144 uczestnicz\u0105cy w\u00a0Konkursie w\u00a0tej kategorii otrzymuje w\u00a0chwili rozpocz\u0119cia Konkursu 24 punkty; maksymalnie mo\u017ce, wi\u0119c uzyska\u0107 120 punkt\u00f3w.<\/li>\n<li>\u00a0Kategoria\u00a0<strong>BENIAMIN, KADET<\/strong>\u00a0i\u00a0pozosta\u0142e kategorie &#8211; 30 pyta\u0144 o\u00a0r\u00f3\u017cnym stopniu\u00a0 trudno\u015bci (10 zada\u0144 po 3 punkty, 10 zada\u0144 po 4 punkty i\u00a010 zada\u0144 po 5 punkt\u00f3w).\u00a0Ucze\u0144 uczestnicz\u0105cy w\u00a0Konkursie tych kategoriach otrzymuje w\u00a0chwili\u00a0 rozpocz\u0119cia Konkursu 30 punkt\u00f3w, maksymalnie mo\u017ce, wi\u0119c uzyska\u0107 150 punkt\u00f3w.<\/li>\n<\/ul>\n<ul>\n<li>\u00a0Do ka\u017cdego zadania w\u00a0ka\u017cdej kategorii do\u0142\u0105czonych jest 5 odpowiedzi oznaczonych literami A, B, C, D, E, z\u00a0kt\u00f3rych dok\u0142adnie jedna jest oprawna. Za brak odpowiedzi uczestnik Konkursu otrzymuje zero punkt\u00f3w, natomiast za odpowiedz b\u0142\u0119dn\u0105 lub zaznaczenie wi\u0119cej ni\u017c jednej odpowiedzi otrzymuje punkty ujemne w\u00a0liczbie 25% przewidzianych za dane zadanie<\/li>\n<\/ul>\n<p>W czasie trwania Konkursu nie wolno korzysta\u0107 z kalkulator\u00f3w.<\/p>\n<p><a href=\"http:\/\/sp5siemianowice.pl\/wp-content\/uploads\/2021\/03\/Regulamin-Kangur-Matematyczny.pdf\"><strong><u>Regulamin Mi\u0119dzynarodowego Konkursu &#8222;Kangur Matematyczny&#8221;<\/u><\/strong><\/a><strong>\u00a0<\/strong>(format PDF)<\/p>\n<p><strong><u><a href=\"http:\/\/sp5siemianowice.pl\/wp-content\/uploads\/2021\/03\/zgoda_uczestnika_konkursu.pdf\">O\u015bwiadczenie o wyra\u017ceniu zgody na udzia\u0142 w Mi\u0119dzynarodowym Konkursie &#8222;Kangur Matematyczny&#8221;<\/a>\u00a0<\/u><\/strong>(format PDF)<\/p>\n<p>O\u015bwiadczenie o wyra\u017ceniu zgody na udzia\u0142 w Mi\u0119dzynarodowym Konkursie &#8222;Kangur Matematyczny&#8221; i przetwarzanie danych osobowych oraz potwierdzenie zapoznania si\u0119 z regulaminem i akceptacj\u0105 jego zapis\u00f3w Rodzice uczni\u00f3w powinni wype\u0142ni\u0107, podpisa\u0107 i dostarczy\u0107\u00a0<u>szkolnemu koordynatorowi konkursu<\/u>.<\/p>\n<p><strong>Instrukcja wype\u0142niania karty odpowiedzi podczas konkursu &#8222;Kangur Matematyczny&#8221;<\/strong><\/p>\n<p>Kart\u0119 nale\u017cy wype\u0142nia\u0107 kolorem czarnym lub niebieskim. Nie wolno u\u017cywa\u0107 korektora.\u00a0Karty nie wolno zgina\u0107, mi\u0105\u0107, umieszcza\u0107 na niej nieuprawnionych napis\u00f3w i innych znak\u00f3w.<\/p>\n<p>Wpisz czteroliterowy KOD Twojej szko\u0142y drukowanymi literami, po jednej w ka\u017cdej kratce. Pod ka\u017cd\u0105 liter\u0105 kodu zaczernij k\u00f3\u0142ko w wierszu z odpowiedni\u0105 liter\u0105.<\/p>\n<p>Podobnie wpisz swoje NAZWISKO i IMI\u0118, w takiej w\u0142a\u015bnie kolejno\u015bci, zostawiaj\u0105c pomi\u0119dzy nazwiskiem i imieniem jedno puste pole. Pod ka\u017cd\u0105 liter\u0105 imienia i nazwiska zaczernij k\u00f3\u0142ko w wierszu z odpowiedni\u0105 liter\u0105.\u00a0Zaczernij pod Twoj\u0105 klas\u0105 k\u00f3\u0142ko oznaczaj\u0105ce kategori\u0119.<\/p>\n<p>W odpowiedzi do ka\u017cdego zadania mo\u017cna zaznaczy\u0107 tylko jedno k\u00f3\u0142ko.<\/p>\n<p>UWAGA: Poprawne wype\u0142nienie karty odpowiedzi jest elementem konkursu!<\/p>\n<p><a href=\"http:\/\/sp5siemianowice.pl\/wp-content\/uploads\/2021\/03\/KartaOdpowiedzi.pdf\"><strong><u>Karta odpowiedzi<\/u><\/strong><\/a> (format PDF)<\/p>\n<p>Aby przygotowa\u0107 si\u0119 do konkursu warto po\u0107wiczy\u0107&#8230;..<\/p>\n<p><strong>Konkurs &#8222;Kangur Matematyczny&#8221; &#8211; zadania i\u00a0odpowiedzi z\u00a0ubieg\u0142ych lat:<\/strong><\/p>\n<p><a href=\"http:\/\/sp5siemianowice.pl\/wp-content\/uploads\/2021\/03\/Zaczek_2010.pdf\">\u017baczek_2010<\/a> \u00a0 \u00a0\u00a0 <a href=\"http:\/\/sp5siemianowice.pl\/wp-content\/uploads\/2021\/03\/Zaczek_2011.pdf\">\u017baczek_2011<\/a> \u00a0\u00a0 \u00a0 \u00a0 <a href=\"http:\/\/sp5siemianowice.pl\/wp-content\/uploads\/2021\/03\/Zaczek_2012.pdf\">\u017baczek_2012<\/a> \u00a0 \u00a0 <a href=\"http:\/\/sp5siemianowice.pl\/wp-content\/uploads\/2021\/04\/Zaczek_2013.pdf\">\u017baczek 2013<\/a><\/p>\n<p><a href=\"http:\/\/sp5siemianowice.pl\/wp-content\/uploads\/2021\/04\/Zaczek_2014.pdf\">\u017baczek 2014<\/a>\u00a0\u00a0\u00a0\u00a0\u00a0\u00a0\u00a0 <a href=\"http:\/\/sp5siemianowice.pl\/wp-content\/uploads\/2021\/04\/Zaczek_2015.pdf\">\u017baczek 2015<\/a>\u00a0\u00a0\u00a0\u00a0\u00a0\u00a0\u00a0 <a href=\"http:\/\/sp5siemianowice.pl\/wp-content\/uploads\/2021\/03\/Zaczek_2016.pdf\">\u017baczek_2016<\/a>\u00a0\u00a0\u00a0\u00a0\u00a0<a href=\"http:\/\/sp5siemianowice.pl\/wp-content\/uploads\/2021\/04\/Zaczek_2017.pdf\">\u017baczek 2017<\/a><\/p>\n<p><a href=\"http:\/\/sp5siemianowice.pl\/wp-content\/uploads\/2021\/03\/Zaczek_2018.pdf\">\u017baczek_2018<\/a> \u00a0 \u00a0\u00a0<a href=\"http:\/\/sp5siemianowice.pl\/wp-content\/uploads\/2021\/03\/Zaczek_2019.pdf\"> \u017baczek_2019<\/a> \u00a0\u00a0\u00a0\u00a0\u00a0 <a href=\"http:\/\/sp5siemianowice.pl\/wp-content\/uploads\/2021\/03\/Zaczek_2020.pdf\">\u017baczek_2020<\/a> \u00a0 <a href=\"http:\/\/sp5siemianowice.pl\/wp-content\/uploads\/2024\/03\/Zaczek_2021.pdf\">\u017baczek 2021<\/a><\/p>\n<p><a href=\"http:\/\/sp5siemianowice.pl\/wp-content\/uploads\/2024\/03\/Zaczek_2022.pdf\">\u017baczek 2022<\/a>\u00a0\u00a0\u00a0\u00a0\u00a0\u00a0 <a href=\"http:\/\/sp5siemianowice.pl\/wp-content\/uploads\/2024\/03\/Zaczek_2023.pdf\">\u017baczek 2023<\/a><\/p>\n<p>&nbsp;<\/p>\n<p><a href=\"http:\/\/sp5siemianowice.pl\/wp-content\/uploads\/2021\/04\/Maluch_2009.pdf\">Maluch 2009<\/a>\u00a0\u00a0\u00a0\u00a0 <a href=\"http:\/\/sp5siemianowice.pl\/wp-content\/uploads\/2021\/03\/Maluch_2010.pdf\">Maluch_2010<\/a>\u00a0\u00a0\u00a0\u00a0 <a href=\"http:\/\/sp5siemianowice.pl\/wp-content\/uploads\/2021\/03\/Maluch_2011.pdf\">Maluch_2011<\/a>\u00a0\u00a0 <a href=\"http:\/\/sp5siemianowice.pl\/wp-content\/uploads\/2021\/03\/Maluch_2012.pdf\">Maluch_2012<\/a><\/p>\n<p><a href=\"http:\/\/sp5siemianowice.pl\/wp-content\/uploads\/2021\/04\/Maluch_2013.pdf\">Maluch 2013<\/a>\u00a0\u00a0\u00a0\u00a0\u00a0 <a href=\"http:\/\/sp5siemianowice.pl\/wp-content\/uploads\/2021\/04\/Maluch_2014.pdf\">Maluch 2014<\/a> \u00a0\u00a0\u00a0 <a href=\"http:\/\/sp5siemianowice.pl\/wp-content\/uploads\/2021\/04\/Maluch_2015.pdf\">Maluch 2015<\/a>\u00a0\u00a0\u00a0\u00a0\u00a0 <a href=\"http:\/\/sp5siemianowice.pl\/wp-content\/uploads\/2021\/03\/Maluch_2016.pdf\">Maluch_2016<\/a><\/p>\n<p><a href=\"http:\/\/sp5siemianowice.pl\/wp-content\/uploads\/2021\/03\/Maluch_2017.pdf\">Maluch_2017<\/a> \u00a0\u00a0\u00a0 <a href=\"http:\/\/sp5siemianowice.pl\/wp-content\/uploads\/2021\/03\/Maluch_2018.pdf\">Maluch_2018<\/a> \u00a0 <a href=\"http:\/\/sp5siemianowice.pl\/wp-content\/uploads\/2021\/03\/Maluch_2019.pdf\">Maluch_2019<\/a> \u00a0\u00a0 <a href=\"http:\/\/sp5siemianowice.pl\/wp-content\/uploads\/2021\/03\/Maluch_2020.pdf\">Maluch_2020<\/a><\/p>\n<p><a href=\"http:\/\/sp5siemianowice.pl\/wp-content\/uploads\/2024\/03\/Maluch_2021.pdf\">Maluch 2021\u00a0<\/a>\u00a0\u00a0\u00a0\u00a0 <a href=\"http:\/\/sp5siemianowice.pl\/wp-content\/uploads\/2024\/03\/Maluch_2022.pdf\">Maluch 2022<\/a>\u00a0\u00a0\u00a0 <a href=\"http:\/\/sp5siemianowice.pl\/wp-content\/uploads\/2024\/03\/Maluch_2023.pdf\">Maluch 2023<\/a><\/p>\n<p>&nbsp;<\/p>\n<p><a href=\"http:\/\/sp5siemianowice.pl\/wp-content\/uploads\/2021\/03\/Beniamin_2009.pdf\">Beniamin_2009<\/a>\u00a0 \u00a0\u00a0 <a href=\"http:\/\/sp5siemianowice.pl\/wp-content\/uploads\/2021\/03\/Beniamin_2010.pdf\">Beniamin_2010 <\/a>\u00a0 \u00a0\u00a0 <a href=\"http:\/\/sp5siemianowice.pl\/wp-content\/uploads\/2021\/03\/Beniamin_2011.pdf\">Beniamin_2011<\/a> \u00a0 \u00a0 <a href=\"http:\/\/sp5siemianowice.pl\/wp-content\/uploads\/2021\/03\/Beniamin_2012.pdf\">Beniamin_2012<\/a><\/p>\n<p><a href=\"http:\/\/sp5siemianowice.pl\/wp-content\/uploads\/2021\/04\/Beniamin_2013.pdf\">Beniamin 2013<\/a>\u00a0\u00a0\u00a0\u00a0\u00a0\u00a0 <a href=\"http:\/\/sp5siemianowice.pl\/wp-content\/uploads\/2021\/03\/Beniamin_2014.pdf\">Beniamin_2014<\/a> \u00a0 \u00a0 <a href=\"http:\/\/sp5siemianowice.pl\/wp-content\/uploads\/2021\/03\/Beniamin_2015.pdf\">Beniamin_2015<\/a> \u00a0 \u00a0 \u00a0 <a href=\"http:\/\/sp5siemianowice.pl\/wp-content\/uploads\/2021\/03\/Beniamin_2016.pdf\">Beniamin_2016<\/a><\/p>\n<p><a href=\"http:\/\/sp5siemianowice.pl\/wp-content\/uploads\/2021\/03\/Beniamin_2017.pdf\">Beniamin_2017<\/a>\u00a0\u00a0\u00a0\u00a0 <a href=\"http:\/\/sp5siemianowice.pl\/wp-content\/uploads\/2021\/03\/Beniamin_2018.pdf\">Beniamin_2018<\/a> \u00a0 \u00a0 <a href=\"http:\/\/sp5siemianowice.pl\/wp-content\/uploads\/2021\/03\/Beniamin_2019.pdf\">Beniamin_2019<\/a> \u00a0 \u00a0 \u00a0 <a href=\"http:\/\/sp5siemianowice.pl\/wp-content\/uploads\/2021\/03\/Beniamin_2020.pdf\">Beniamin_2020<\/a><\/p>\n<p><a href=\"http:\/\/sp5siemianowice.pl\/wp-content\/uploads\/2024\/03\/Beniamin_2021.pdf\">Benjamin 2021<\/a>\u00a0\u00a0\u00a0\u00a0\u00a0 <a href=\"http:\/\/sp5siemianowice.pl\/wp-content\/uploads\/2024\/03\/Beniamin_2022.pdf\">Benjamin 2022\u00a0<\/a>\u00a0\u00a0\u00a0\u00a0\u00a0 <a href=\"http:\/\/sp5siemianowice.pl\/wp-content\/uploads\/2024\/03\/Beniamin_2023.pdf\">Benjamin 2023<\/a><\/p>\n<p>&nbsp;<\/p>\n<p><a href=\"http:\/\/sp5siemianowice.pl\/wp-content\/uploads\/2021\/04\/Kadet_2011.pdf\">Kadet 2011<\/a>\u00a0\u00a0\u00a0\u00a0\u00a0 <a href=\"http:\/\/sp5siemianowice.pl\/wp-content\/uploads\/2021\/03\/Kadet_2012.pdf\">Kadet_2012<\/a> \u00a0 \u00a0\u00a0<a href=\"http:\/\/sp5siemianowice.pl\/wp-content\/uploads\/2021\/03\/Kadet_2013.pdf\"> Kadet_2013<\/a>\u00a0\u00a0\u00a0\u00a0\u00a0\u00a0<a href=\"http:\/\/sp5siemianowice.pl\/wp-content\/uploads\/2021\/03\/Kadet_2014.pdf\"> Kadet_2014<\/a> \u00a0\u00a0\u00a0\u00a0 <a href=\"http:\/\/sp5siemianowice.pl\/wp-content\/uploads\/2021\/03\/Kadet_2015.pdf\">Kadet_2015<\/a><\/p>\n<p><a href=\"http:\/\/sp5siemianowice.pl\/wp-content\/uploads\/2021\/03\/Kadet_2016.pdf\">Kadet_2016<\/a>\u00a0\u00a0\u00a0 <a href=\"http:\/\/sp5siemianowice.pl\/wp-content\/uploads\/2021\/03\/Kadet_2017.pdf\">Kadet_2017<\/a>\u00a0 \u00a0 \u00a0\u00a0 <a href=\"http:\/\/sp5siemianowice.pl\/wp-content\/uploads\/2021\/03\/Kadet_2018.pdf\">Kadet_2018\u00a0<\/a> \u00a0\u00a0\u00a0\u00a0 <a href=\"http:\/\/sp5siemianowice.pl\/wp-content\/uploads\/2021\/03\/Kadet_2019.pdf\">Kadet_2019<\/a> \u00a0\u00a0\u00a0\u00a0 <a href=\"http:\/\/sp5siemianowice.pl\/wp-content\/uploads\/2021\/03\/Kadet_2020.pdf\">Kadet_2020<\/a><\/p>\n<p><a href=\"http:\/\/sp5siemianowice.pl\/wp-content\/uploads\/2024\/03\/Kadet_2021.pdf\">Kadet 2021\u00a0<\/a>\u00a0\u00a0\u00a0\u00a0 <a href=\"http:\/\/sp5siemianowice.pl\/wp-content\/uploads\/2024\/03\/Kadet_2022.pdf\">Kadet 2022\u00a0<\/a>\u00a0\u00a0\u00a0\u00a0\u00a0 <a href=\"http:\/\/sp5siemianowice.pl\/wp-content\/uploads\/2024\/03\/Kadet_2023.pdf\">Kadet 2023<\/a><\/p>\n<p>&nbsp;<\/p>\n<p><a href=\"http:\/\/sp5siemianowice.pl\/wp-content\/uploads\/2021\/03\/Odpowiedzi-2009.pdf\">Odpowiedzi_2009<\/a>\u00a0 \u00a0\u00a0 <a href=\"http:\/\/sp5siemianowice.pl\/wp-content\/uploads\/2021\/03\/Odpowiedzi-2010.pdf\">Odpowiedzi_2010<\/a> \u00a0 \u00a0 <a href=\"http:\/\/sp5siemianowice.pl\/wp-content\/uploads\/2021\/03\/Odpowiedzi-2011.pdf\">Odpowiedzi_2011<\/a><\/p>\n<p><a href=\"http:\/\/sp5siemianowice.pl\/wp-content\/uploads\/2021\/03\/Odpowiedzi-2012.pdf\">Odpowiedzi_2012<\/a>\u00a0 \u00a0\u00a0<a href=\"http:\/\/sp5siemianowice.pl\/wp-content\/uploads\/2021\/03\/Odpowiedzi-2013.pdf\"> Odpowiedzi_2013<\/a> \u00a0 \u00a0 <a href=\"http:\/\/sp5siemianowice.pl\/wp-content\/uploads\/2021\/03\/Odpowiedzi-2014.pdf\">Odpowiedzi_2014<\/a><\/p>\n<p><a href=\"http:\/\/sp5siemianowice.pl\/wp-content\/uploads\/2021\/03\/Odpowiedzi-2015.pdf\">Odpowiedzi_2015<\/a>\u00a0 \u00a0\u00a0 <a href=\"http:\/\/sp5siemianowice.pl\/wp-content\/uploads\/2021\/03\/Odpowiedzi-2016.pdf\">Odpowiedzi_2016<\/a> \u00a0 \u00a0 <a href=\"http:\/\/sp5siemianowice.pl\/wp-content\/uploads\/2021\/03\/Odpowiedzi-2017.pdf\">Odpowiedzi_2017<\/a><\/p>\n<p><a href=\"http:\/\/sp5siemianowice.pl\/wp-content\/uploads\/2021\/03\/Odpowiedzi-2018.pdf\">Odpowiedzi_2018<\/a>\u00a0 \u00a0\u00a0 <a href=\"http:\/\/sp5siemianowice.pl\/wp-content\/uploads\/2021\/03\/Odpowiedzi-2019.pdf\">Odpowiedzi_2019<\/a> \u00a0 \u00a0 <a href=\"http:\/\/sp5siemianowice.pl\/wp-content\/uploads\/2021\/03\/Odpowiedzi-2020.pdf\">Odpowiedzi_2020<\/a><\/p>\n<p><a href=\"http:\/\/sp5siemianowice.pl\/wp-content\/uploads\/2024\/03\/Odpowiedzi-2021.pdf\">Odpowiedzi 2021<\/a>\u00a0\u00a0\u00a0\u00a0\u00a0 <a href=\"http:\/\/sp5siemianowice.pl\/wp-content\/uploads\/2024\/03\/Odpowiedzi-2022.pdf\">Odpowiedzi 2022<\/a>\u00a0\u00a0\u00a0\u00a0\u00a0\u00a0 <a href=\"http:\/\/sp5siemianowice.pl\/wp-content\/uploads\/2024\/03\/Odpowiedzi-2023.pdf\">Odpowiedzi 2023<\/a><\/p>\n<p>Wsp\u00f3lna dla wszystkich kraj\u00f3w data konkursu oraz te same zestawy pyta\u0144 dla poszczeg\u00f3lnych poziom\u00f3w podnosz\u0105 atrakcyjno\u015b\u0107 konkursu. Wprawdzie wyniki Konkursu mog\u0142yby by\u0107 wykorzystane do opracowania mi\u0119dzynarodowych ranking\u00f3w czy innych form rywalizacji pomi\u0119dzy krajami (jak ma to miejsce np. w przypadku Mi\u0119dzynarodowej Olimpiady Matematycznej), jednak nie by\u0142oby to zgodne z g\u0142\u00f3wn\u0105 ide\u0105 konkursu, kt\u00f3r\u0105 jest sprowokowanie jak najliczniejszej manifestacji matematycznej o charakterze wsp\u00f3lnej, intelektualnej zabawy.<\/p>\n","protected":false},"excerpt":{"rendered":"<p>Mi\u0119dzynarodowy Konkurs Matematyczny &#8222;Kangur&#8221; (na tej stronie znajdziesz testy i odpowiedzi z poprzednich lat) Jest to konkurs matematyczny adresowany do uczni\u00f3w szk\u00f3\u0142 podstawowych, gimnazjalnych i\u00a0\u015brednich, od klasy drugiej szko\u0142y podstawowej do klas maturalnych w\u00a0liceach i\u00a0technikach na ca\u0142ym \u015bwiecie. Rozgrywany jest [&hellip;]<\/p>\n","protected":false},"author":1,"featured_media":0,"parent":0,"menu_order":0,"comment_status":"closed","ping_status":"closed","template":"","meta":{"footnotes":""},"class_list":["post-67","page","type-page","status-publish","hentry"],"_links":{"self":[{"href":"https:\/\/sp5siemianowice.pl\/index.php?rest_route=\/wp\/v2\/pages\/67","targetHints":{"allow":["GET"]}}],"collection":[{"href":"https:\/\/sp5siemianowice.pl\/index.php?rest_route=\/wp\/v2\/pages"}],"about":[{"href":"https:\/\/sp5siemianowice.pl\/index.php?rest_route=\/wp\/v2\/types\/page"}],"author":[{"embeddable":true,"href":"https:\/\/sp5siemianowice.pl\/index.php?rest_route=\/wp\/v2\/users\/1"}],"replies":[{"embeddable":true,"href":"https:\/\/sp5siemianowice.pl\/index.php?rest_route=%2Fwp%2Fv2%2Fcomments&post=67"}],"version-history":[{"count":48,"href":"https:\/\/sp5siemianowice.pl\/index.php?rest_route=\/wp\/v2\/pages\/67\/revisions"}],"predecessor-version":[{"id":6297,"href":"https:\/\/sp5siemianowice.pl\/index.php?rest_route=\/wp\/v2\/pages\/67\/revisions\/6297"}],"wp:attachment":[{"href":"https:\/\/sp5siemianowice.pl\/index.php?rest_route=%2Fwp%2Fv2%2Fmedia&parent=67"}],"curies":[{"name":"wp","href":"https:\/\/api.w.org\/{rel}","templated":true}]}}